{"id":25109,"date":"2024-04-26T12:40:15","date_gmt":"2024-04-26T10:40:15","guid":{"rendered":"https:\/\/diocese-lgf.emblematik.dev\/?page_id=25109"},"modified":"2025-02-07T09:46:40","modified_gmt":"2025-02-07T08:46:40","slug":"bischofsrat-gesundheitswesen","status":"publish","type":"page","link":"https:\/\/diocese-lgf.ch\/de\/bischofsrat-gesundheitswesen\/","title":{"rendered":"Bischofsrat Gesundheitswesen"},"content":{"rendered":"<div class=\"pf-content\">\t\t<div data-elementor-type=\"wp-post\" data-elementor-id=\"25109\" class=\"elementor elementor-25109 elementor-25108\" data-elementor-post-type=\"page\">\n\t\t\t\t\t\t<section class=\"elementor-section elementor-top-section elementor-element elementor-element-9082d7b elementor-section-boxed elementor-section-height-default elementor-section-height-default\" data-id=\"9082d7b\" data-element_type=\"section\" data-e-type=\"section\">\n\t\t\t\t\t\t<div class=\"elementor-container elementor-column-gap-default\">\n\t\t\t\t\t<div class=\"elementor-column elementor-col-100 elementor-top-column elementor-element elementor-element-6fddab7\" data-id=\"6fddab7\" data-element_type=\"column\" data-e-type=\"column\">\n\t\t\t<div class=\"elementor-widget-wrap elementor-element-populated\">\n\t\t\t\t\t\t<div class=\"elementor-element elementor-element-13ad2b2 elementor-widget elementor-widget-text-editor\" data-id=\"13ad2b2\" data-element_type=\"widget\" data-e-type=\"widget\" data-widget_type=\"text-editor.default\">\n\t\t\t\t<div class=\"elementor-widget-container\">\n\t\t\t\t\t\t\t\t\t<p>Bischof Morerod m\u00f6chte die Seelsorge in Pflegeeinrichtungen (Krankenh\u00e4user, Kliniken, Pflegeheime aber auch in der Pflege zu Hause) f\u00f6rdern und sichtbar machen. Die Begleitung, die in diesem Rahmen angeboten wird, ist von \u00e4usserster Wichtigkeit und f\u00fcgt sich in die Konzepte der ganzheitlichen Begleitung der Person (physisch, psychologisch, sozial und spirituell) ein, wie sie von der Medizin und der Pflege definiert werden.<\/p><p>Gem\u00e4ss seinem Mandat ist der \u00abBischofsrat <em>Gesundheitswesen<\/em>\u00bb damit beauftragt, die Seelsorgenden im Gesundheitswesen in der Di\u00f6zese zu vertreten, um den Bischof bei der Entwicklung und der Umsetzung einer strategischen Vision und di\u00f6zesaner Leitlinien f\u00fcr die Gesundheitspastoral zu beraten. Der Rat hat eine Beobachtungsfunktion, indem er einen \u00dcberblick \u00fcber die Arbeit der Gesundheitspastoral bietet und die theologische, ekklesiologische und ethische Reflexion anregt. Das Ziel ist es ausserdem, die herausragende Erfahrung der Gesundheitspastoral in der Begleitung der spirituellen und\/oder religi\u00f6sen Dimension des Menschen (Spiritual Care) in der heutigen Welt sowohl innerhalb als auch ausserhalb der Kirche zur Verf\u00fcgung zu stellen.<\/p><p>Der Rat setzt sich aus den Verantwortlichen f\u00fcr die Gesundheitspastoral in den verschiedenen Di\u00f6zesanregionen und anderen Experten im Gebiet des Gesundheitswesens zusammen. Auf diese Weise f\u00f6rdert er Synergien zwischen den Teams der Gesundheitspastoral. Unter Ber\u00fccksichtigung der nationalen Entwicklungen regt er auch die Diskussion von Qualit\u00e4tskriterien f\u00fcr die pastorale Arbeit und die berufliche Identit\u00e4t an.<\/p><p>F\u00fcr weitere Informationen \u00fcber die Arbeit des Rates wenden Sie sich bitte an den\/die Leiter\/in der Gesundheitspastoral in Ihrer Region oder an die bisch\u00f6fliche Beauftragte f\u00fcr das Gesundheitswesen <a href=\"mailto:noemi.honegger-willauer@kath-fr.ch\" target=\"_blank\" rel=\"noopener\">Noemi Honegger-Willauer<\/a>.<\/p>\t\t\t\t\t\t\t\t<\/div>\n\t\t\t\t<\/div>\n\t\t\t\t\t<\/div>\n\t\t<\/div>\n\t\t\t\t\t<\/div>\n\t\t<\/section>\n\t\t\t\t<section class=\"elementor-section elementor-top-section elementor-element elementor-element-4c42978 bloc-titre elementor-section-boxed elementor-section-height-default elementor-section-height-default\" data-id=\"4c42978\" data-element_type=\"section\" data-e-type=\"section\">\n\t\t\t\t\t\t<div class=\"elementor-container elementor-column-gap-default\">\n\t\t\t\t\t<div class=\"elementor-column elementor-col-100 elementor-top-column elementor-element elementor-element-a7bc494\" data-id=\"a7bc494\" data-element_type=\"column\" data-e-type=\"column\">\n\t\t\t<div class=\"elementor-widget-wrap elementor-element-populated\">\n\t\t\t\t\t\t<div class=\"elementor-element elementor-element-9b41188 elementor-widget elementor-widget-heading\" data-id=\"9b41188\" data-element_type=\"widget\" data-e-type=\"widget\" data-widget_type=\"heading.default\">\n\t\t\t\t<div class=\"elementor-widget-container\">\n\t\t\t\t\t<h2 class=\"elementor-heading-title elementor-size-default\">Mitgliederliste<\/h2>\t\t\t\t<\/div>\n\t\t\t\t<\/div>\n\t\t\t\t\t<\/div>\n\t\t<\/div>\n\t\t\t\t\t<\/div>\n\t\t<\/section>\n\t\t\t\t<section class=\"elementor-section elementor-top-section elementor-element elementor-element-8223a23 elementor-section-boxed elementor-section-height-default elementor-section-height-default\" data-id=\"8223a23\" data-element_type=\"section\" data-e-type=\"section\">\n\t\t\t\t\t\t<div class=\"elementor-container elementor-column-gap-default\">\n\t\t\t\t\t<div class=\"elementor-column elementor-col-100 elementor-top-column elementor-element elementor-element-3ba2b14\" data-id=\"3ba2b14\" data-element_type=\"column\" data-e-type=\"column\">\n\t\t\t<div class=\"elementor-widget-wrap elementor-element-populated\">\n\t\t\t\t\t\t<div class=\"elementor-element elementor-element-7c2d136 elementor-widget elementor-widget-text-editor\" data-id=\"7c2d136\" data-element_type=\"widget\" data-e-type=\"widget\" data-widget_type=\"text-editor.default\">\n\t\t\t\t<div class=\"elementor-widget-container\">\n\t\t\t\t\t\t\t\t\t<ul><li><a href=\"https:\/\/www.cath-fr.ch\/de\/bistumsregion\/gesundheit\/\" target=\"_blank\" rel=\"noopener\">Frau Noemi HONEGGER-WILLAUER<\/a> (DFR), bisch\u00f6fliche Beauftragte f\u00fcr das Gesundheitswesen<\/li><li><a href=\"https:\/\/cath-ne.ch\/pastorale-de-la-sante\/\" target=\"_blank\" rel=\"noopener\">Herr Emile ABOU CHAAR<\/a> (NE)<\/li><li>Abb\u00e9 R\u00e9my BERCHIER<\/li><li>Herr Thierry COLLAUD<\/li><li><a href=\"https:\/\/www.cath-vd.ch\/liste-des-hopitaux\/\" target=\"_blank\" rel=\"noopener\">Herr Giampiero GULLO<\/a>\u00a0(VD)<\/li><li><a href=\"https:\/\/www.cath-vd.ch\/liste-des-hopitaux\/\" target=\"_blank\" rel=\"noopener\">Frau Annette MAYER-GEBHARDT<\/a> (VD)<\/li><li><a href=\"https:\/\/www.cath-fr.ch\/region-diocesaine\/sante\/\" target=\"_blank\" rel=\"noopener\">Herr Sylvain QUELOZ<\/a> (FRf)<\/li><li><a href=\"https:\/\/www.eglisecatholique-ge.ch\/decouvrir\/services\/sante\/\" target=\"_blank\" rel=\"noopener\">Frau Marie ROMEUF<\/a>\u00a0(GE)<\/li><\/ul>\t\t\t\t\t\t\t\t<\/div>\n\t\t\t\t<\/div>\n\t\t\t\t\t<\/div>\n\t\t<\/div>\n\t\t\t\t\t<\/div>\n\t\t<\/section>\n\t\t\t\t<section class=\"elementor-section elementor-top-section elementor-element elementor-element-d16144e bloc-titre elementor-section-boxed elementor-section-height-default elementor-section-height-default\" data-id=\"d16144e\" data-element_type=\"section\" data-e-type=\"section\">\n\t\t\t\t\t\t<div class=\"elementor-container elementor-column-gap-default\">\n\t\t\t\t\t<div class=\"elementor-column elementor-col-100 elementor-top-column elementor-element elementor-element-5682466\" data-id=\"5682466\" data-element_type=\"column\" data-e-type=\"column\">\n\t\t\t<div class=\"elementor-widget-wrap elementor-element-populated\">\n\t\t\t\t\t\t<div class=\"elementor-element elementor-element-3f376b7 elementor-widget elementor-widget-heading\" data-id=\"3f376b7\" data-element_type=\"widget\" data-e-type=\"widget\" data-widget_type=\"heading.default\">\n\t\t\t\t<div class=\"elementor-widget-container\">\n\t\t\t\t\t<h2 class=\"elementor-heading-title elementor-size-default\">Dokumente<\/h2>\t\t\t\t<\/div>\n\t\t\t\t<\/div>\n\t\t\t\t\t<\/div>\n\t\t<\/div>\n\t\t\t\t\t<\/div>\n\t\t<\/section>\n\t\t\t\t<section class=\"elementor-section elementor-top-section elementor-element elementor-element-c0dc877 elementor-section-boxed elementor-section-height-default elementor-section-height-default\" data-id=\"c0dc877\" data-element_type=\"section\" data-e-type=\"section\">\n\t\t\t\t\t\t<div class=\"elementor-container elementor-column-gap-default\">\n\t\t\t\t\t<div class=\"elementor-column elementor-col-100 elementor-top-column elementor-element elementor-element-73e6a3a\" data-id=\"73e6a3a\" data-element_type=\"column\" data-e-type=\"column\">\n\t\t\t<div class=\"elementor-widget-wrap elementor-element-populated\">\n\t\t\t\t\t\t<div class=\"elementor-element elementor-element-14161e5 elementor-widget elementor-widget-text-editor\" data-id=\"14161e5\" data-element_type=\"widget\" data-e-type=\"widget\" data-widget_type=\"text-editor.default\">\n\t\t\t\t<div class=\"elementor-widget-container\">\n\t\t\t\t\t\t\t\t\t<ul><li><a href=\"https:\/\/diocese-lgf.ch\/wp-content\/uploads\/2025\/02\/Circulaire_Journee_Mondiale_Malade_2025_d.pdf\" target=\"_blank\" rel=\"noopener\">Brief des Bischofsrats <em>Gesundheitswesen <\/em>zum Welttag der Kranken 2025<\/a> (07.02.2025)<\/li><\/ul>\t\t\t\t\t\t\t\t<\/div>\n\t\t\t\t<\/div>\n\t\t\t\t\t<\/div>\n\t\t<\/div>\n\t\t\t\t\t<\/div>\n\t\t<\/section>\n\t\t\t\t<\/div>\n\t\t<\/div>","protected":false},"excerpt":{"rendered":"<p>Bischof Morerod m\u00f6chte die Seelsorge in Pflegeeinrichtungen (Krankenh\u00e4user, Kliniken, Pflegeheime aber auch in der Pflege zu Hause) f\u00f6rdern und sichtbar machen. Die Begleitung, die in diesem Rahmen angeboten wird, ist [&hellip;]<\/p>\n","protected":false},"author":7,"featured_media":0,"parent":0,"menu_order":1,"comment_status":"closed","ping_status":"closed","template":"","meta":{"_acf_changed":false,"footnotes":""},"categories":[133,125],"tags":[],"class_list":["post-25109","page","type-page","status-publish","hentry","category-ccom-de","category-eveche-de"],"acf":[],"_links":{"self":[{"href":"https:\/\/diocese-lgf.ch\/de\/wp-json\/wp\/v2\/pages\/25109","targetHints":{"allow":["GET"]}}],"collection":[{"href":"https:\/\/diocese-lgf.ch\/de\/wp-json\/wp\/v2\/pages"}],"about":[{"href":"https:\/\/diocese-lgf.ch\/de\/wp-json\/wp\/v2\/types\/page"}],"author":[{"embeddable":true,"href":"https:\/\/diocese-lgf.ch\/de\/wp-json\/wp\/v2\/users\/7"}],"replies":[{"embeddable":true,"href":"https:\/\/diocese-lgf.ch\/de\/wp-json\/wp\/v2\/comments?post=25109"}],"version-history":[{"count":31,"href":"https:\/\/diocese-lgf.ch\/de\/wp-json\/wp\/v2\/pages\/25109\/revisions"}],"predecessor-version":[{"id":28952,"href":"https:\/\/diocese-lgf.ch\/de\/wp-json\/wp\/v2\/pages\/25109\/revisions\/28952"}],"wp:attachment":[{"href":"https:\/\/diocese-lgf.ch\/de\/wp-json\/wp\/v2\/media?parent=25109"}],"wp:term":[{"taxonomy":"category","embeddable":true,"href":"https:\/\/diocese-lgf.ch\/de\/wp-json\/wp\/v2\/categories?post=25109"},{"taxonomy":"post_tag","embeddable":true,"href":"https:\/\/diocese-lgf.ch\/de\/wp-json\/wp\/v2\/tags?post=25109"}],"curies":[{"name":"wp","href":"https:\/\/api.w.org\/{rel}","templated":true}]}}