{"id":22596,"date":"2023-08-28T16:05:17","date_gmt":"2023-08-28T14:05:17","guid":{"rendered":"https:\/\/diocese-lgf.emblematik.dev\/?page_id=22596"},"modified":"2025-02-03T18:51:29","modified_gmt":"2025-02-03T17:51:29","slug":"100-ans-de-la-cathedrale","status":"publish","type":"page","link":"https:\/\/diocese-lgf.ch\/de\/100-ans-de-la-cathedrale\/","title":{"rendered":"100 Jahre Kathedrale St. Nikolaus"},"content":{"rendered":"<div class=\"pf-content\">\t\t<div data-elementor-type=\"wp-page\" data-elementor-id=\"22596\" class=\"elementor elementor-22596 elementor-22595\" data-elementor-post-type=\"page\">\n\t\t\t\t\t\t<section class=\"elementor-section elementor-top-section elementor-element elementor-element-28cf0b5 elementor-section-boxed elementor-section-height-default elementor-section-height-default\" data-id=\"28cf0b5\" data-element_type=\"section\" data-e-type=\"section\">\n\t\t\t\t\t\t<div class=\"elementor-container elementor-column-gap-default\">\n\t\t\t\t\t<div class=\"elementor-column elementor-col-100 elementor-top-column elementor-element elementor-element-974d0be\" data-id=\"974d0be\" data-element_type=\"column\" data-e-type=\"column\">\n\t\t\t<div class=\"elementor-widget-wrap elementor-element-populated\">\n\t\t\t\t\t\t<div class=\"elementor-element elementor-element-721f619 elementor-widget elementor-widget-image\" data-id=\"721f619\" data-element_type=\"widget\" data-e-type=\"widget\" data-widget_type=\"image.default\">\n\t\t\t\t<div class=\"elementor-widget-container\">\n\t\t\t\t\t\t\t\t\t\t\t\t\t\t\t\t<a href=\"https:\/\/www.100cath.ch\/\" target=\"_blank\">\n\t\t\t\t\t\t\t<img fetchpriority=\"high\" decoding=\"async\" width=\"201\" height=\"300\" src=\"https:\/\/diocese-lgf.ch\/wp-content\/uploads\/2024\/02\/logo_100ans_cathedrale_d-201x300.png\" class=\"attachment-medium size-medium wp-image-24849\" alt=\"\" srcset=\"https:\/\/diocese-lgf.ch\/wp-content\/uploads\/2024\/02\/logo_100ans_cathedrale_d-201x300.png 201w, https:\/\/diocese-lgf.ch\/wp-content\/uploads\/2024\/02\/logo_100ans_cathedrale_d.png 428w\" sizes=\"(max-width: 201px) 100vw, 201px\" \/>\t\t\t\t\t\t\t\t<\/a>\n\t\t\t\t\t\t\t\t\t\t\t\t\t\t\t<\/div>\n\t\t\t\t<\/div>\n\t\t\t\t\t<\/div>\n\t\t<\/div>\n\t\t\t\t\t<\/div>\n\t\t<\/section>\n\t\t\t\t<section class=\"elementor-section elementor-top-section elementor-element elementor-element-2d374e2 elementor-section-boxed elementor-section-height-default elementor-section-height-default\" data-id=\"2d374e2\" data-element_type=\"section\" data-e-type=\"section\">\n\t\t\t\t\t\t<div class=\"elementor-container elementor-column-gap-default\">\n\t\t\t\t\t<div class=\"elementor-column elementor-col-100 elementor-top-column elementor-element elementor-element-a36c472\" data-id=\"a36c472\" data-element_type=\"column\" data-e-type=\"column\">\n\t\t\t<div class=\"elementor-widget-wrap elementor-element-populated\">\n\t\t\t\t\t\t<div class=\"elementor-element elementor-element-4d59a38 elementor-widget elementor-widget-heading\" data-id=\"4d59a38\" data-element_type=\"widget\" data-e-type=\"widget\" data-widget_type=\"heading.default\">\n\t\t\t\t<div class=\"elementor-widget-container\">\n\t\t\t\t\t<h2 class=\"elementor-heading-title elementor-size-default\">Jubil\u00e4um der Kathedrale<\/h2>\t\t\t\t<\/div>\n\t\t\t\t<\/div>\n\t\t\t\t\t<\/div>\n\t\t<\/div>\n\t\t\t\t\t<\/div>\n\t\t<\/section>\n\t\t\t\t<section class=\"elementor-section elementor-top-section elementor-element elementor-element-2116c16 elementor-section-boxed elementor-section-height-default elementor-section-height-default\" data-id=\"2116c16\" data-element_type=\"section\" data-e-type=\"section\">\n\t\t\t\t\t\t<div class=\"elementor-container elementor-column-gap-default\">\n\t\t\t\t\t<div class=\"elementor-column elementor-col-100 elementor-top-column elementor-element elementor-element-9a3cbe0\" data-id=\"9a3cbe0\" data-element_type=\"column\" data-e-type=\"column\">\n\t\t\t<div class=\"elementor-widget-wrap elementor-element-populated\">\n\t\t\t\t\t\t<div class=\"elementor-element elementor-element-46b0b51 elementor-widget elementor-widget-text-editor\" data-id=\"46b0b51\" data-element_type=\"widget\" data-e-type=\"widget\" data-widget_type=\"text-editor.default\">\n\t\t\t\t<div class=\"elementor-widget-container\">\n\t\t\t\t\t\t\t\t\t<p>Die Kathedrale St. Nikolaus in Freiburg hatte nicht immer den gleichen Status. Zuerst Pfarrkirche, dann -ab 1512- eine Stiftskirche mit einem Domkapitel und schliesslich, gem\u00e4ss einem Dekret aus Rom vom 17. Oktober 1924, das am 1. Februar 1925 in Kraft trat, wurde sie zur Kathedrale. Heute ist sie der Sitz des Bistums Lausanne, Genf und Freiburg.<\/p><h4><a href=\"https:\/\/www.100cath.ch\/\" target=\"_blank\" rel=\"noopener\">Webseite des Jubil\u00e4ums<\/a><\/h4>\t\t\t\t\t\t\t\t<\/div>\n\t\t\t\t<\/div>\n\t\t\t\t\t<\/div>\n\t\t<\/div>\n\t\t\t\t\t<\/div>\n\t\t<\/section>\n\t\t\t\t<section class=\"elementor-section elementor-top-section elementor-element elementor-element-f592077 elementor-section-boxed elementor-section-height-default elementor-section-height-default\" data-id=\"f592077\" data-element_type=\"section\" data-e-type=\"section\">\n\t\t\t\t\t\t<div class=\"elementor-container elementor-column-gap-default\">\n\t\t\t\t\t<div class=\"elementor-column elementor-col-100 elementor-top-column elementor-element elementor-element-2698424\" data-id=\"2698424\" data-element_type=\"column\" data-e-type=\"column\">\n\t\t\t<div class=\"elementor-widget-wrap elementor-element-populated\">\n\t\t\t\t\t\t<div class=\"elementor-element elementor-element-7c75ac8 elementor-widget elementor-widget-text-editor\" data-id=\"7c75ac8\" data-element_type=\"widget\" data-e-type=\"widget\" data-widget_type=\"text-editor.default\">\n\t\t\t\t<div class=\"elementor-widget-container\">\n\t\t\t\t\t\t\t\t\t<p><strong>Links :<\/strong><\/p><ul><li><a href=\"https:\/\/www.notre-dame-de-fribourg.ch\/patrimoine\/cathedrale-saint-nicolas\" target=\"_blank\" rel=\"noopener\">Website der Kathedrale<\/a><\/li><li><a href=\"https:\/\/www.chapitre-stnicolas.ch\/\" target=\"_blank\" rel=\"noopener\">Website des Domkapitels<\/a><\/li><li><a href=\"https:\/\/www.stnicolas.ch\" target=\"_blank\" rel=\"noopener\">Website der Pfarrei<\/a><\/li><\/ul>\t\t\t\t\t\t\t\t<\/div>\n\t\t\t\t<\/div>\n\t\t\t\t\t<\/div>\n\t\t<\/div>\n\t\t\t\t\t<\/div>\n\t\t<\/section>\n\t\t\t\t<section class=\"elementor-section elementor-top-section elementor-element elementor-element-05b50e3 elementor-section-boxed elementor-section-height-default elementor-section-height-default\" data-id=\"05b50e3\" data-element_type=\"section\" data-e-type=\"section\">\n\t\t\t\t\t\t<div class=\"elementor-container elementor-column-gap-default\">\n\t\t\t\t\t<div class=\"elementor-column elementor-col-100 elementor-top-column elementor-element elementor-element-9b55bc3\" data-id=\"9b55bc3\" data-element_type=\"column\" data-e-type=\"column\">\n\t\t\t<div class=\"elementor-widget-wrap elementor-element-populated\">\n\t\t\t\t\t\t<div class=\"elementor-element elementor-element-41b93a6 elementor-widget elementor-widget-text-editor\" data-id=\"41b93a6\" data-element_type=\"widget\" data-e-type=\"widget\" data-widget_type=\"text-editor.default\">\n\t\t\t\t<div class=\"elementor-widget-container\">\n\t\t\t\t\t\t\t\t\t<h3>100-j\u00e4hrige Jubil\u00e4ums der Kathedrale St. Nikolaus : Festgottesdienst:<\/h3><ul><li><a href=\"https:\/\/diocese-lgf.ch\/infos-pratiques\/photos\/\" target=\"_blank\" rel=\"noopener\">Fotos<\/a><\/li><li><a href=\"https:\/\/www.instagram.com\/reel\/DFlKFepNu9S\/?utm_source=ig_web_copy_link&amp;igsh=MzRlODBiNWFlZA==\" target=\"_blank\" rel=\"noopener\">Video auf Instagram<\/a> (von der Freiburger Bistumsregion)<\/li><li><a href=\"https:\/\/diocese-lgf.ch\/wp-content\/uploads\/2025\/02\/20250202_100ans_cathedrale_Fribourg_discours_Cedric_Pillonel.pdf\" target=\"_blank\" rel=\"noopener\">Rede<\/a> von C\u00e9dric PILLONEL, Generalsekret\u00e4r der &#8222;F\u00e9d\u00e9ration eccl\u00e9siastique catholique romaine du canton de Vaud&#8220;<\/li><\/ul>\t\t\t\t\t\t\t\t<\/div>\n\t\t\t\t<\/div>\n\t\t\t\t\t<\/div>\n\t\t<\/div>\n\t\t\t\t\t<\/div>\n\t\t<\/section>\n\t\t\t\t<\/div>\n\t\t<\/div>","protected":false},"excerpt":{"rendered":"<p>Jubil\u00e4um der Kathedrale Die Kathedrale St. Nikolaus in Freiburg hatte nicht immer den gleichen Status. Zuerst Pfarrkirche, dann -ab 1512- eine Stiftskirche mit einem Domkapitel und schliesslich, gem\u00e4ss einem Dekret [&hellip;]<\/p>\n","protected":false},"author":4,"featured_media":0,"parent":0,"menu_order":0,"comment_status":"closed","ping_status":"closed","template":"","meta":{"_acf_changed":false,"footnotes":""},"categories":[41,115,16],"tags":[],"class_list":["post-22596","page","type-page","status-publish","hentry","category-aktualitat","category-hauptmenu","category-homepage-de"],"acf":[],"_links":{"self":[{"href":"https:\/\/diocese-lgf.ch\/de\/wp-json\/wp\/v2\/pages\/22596","targetHints":{"allow":["GET"]}}],"collection":[{"href":"https:\/\/diocese-lgf.ch\/de\/wp-json\/wp\/v2\/pages"}],"about":[{"href":"https:\/\/diocese-lgf.ch\/de\/wp-json\/wp\/v2\/types\/page"}],"author":[{"embeddable":true,"href":"https:\/\/diocese-lgf.ch\/de\/wp-json\/wp\/v2\/users\/4"}],"replies":[{"embeddable":true,"href":"https:\/\/diocese-lgf.ch\/de\/wp-json\/wp\/v2\/comments?post=22596"}],"version-history":[{"count":32,"href":"https:\/\/diocese-lgf.ch\/de\/wp-json\/wp\/v2\/pages\/22596\/revisions"}],"predecessor-version":[{"id":28831,"href":"https:\/\/diocese-lgf.ch\/de\/wp-json\/wp\/v2\/pages\/22596\/revisions\/28831"}],"wp:attachment":[{"href":"https:\/\/diocese-lgf.ch\/de\/wp-json\/wp\/v2\/media?parent=22596"}],"wp:term":[{"taxonomy":"category","embeddable":true,"href":"https:\/\/diocese-lgf.ch\/de\/wp-json\/wp\/v2\/categories?post=22596"},{"taxonomy":"post_tag","embeddable":true,"href":"https:\/\/diocese-lgf.ch\/de\/wp-json\/wp\/v2\/tags?post=22596"}],"curies":[{"name":"wp","href":"https:\/\/api.w.org\/{rel}","templated":true}]}}