{"id":20196,"date":"2023-10-24T15:41:12","date_gmt":"2023-10-24T13:41:12","guid":{"rendered":"https:\/\/diocese-lgf.emblematik.dev\/?page_id=20196"},"modified":"2023-10-24T15:43:09","modified_gmt":"2023-10-24T13:43:09","slug":"bischofsrat-geweihtes-leben","status":"publish","type":"page","link":"https:\/\/diocese-lgf.ch\/de\/bischofsrat-geweihtes-leben\/","title":{"rendered":"Bischofsrat Geweihtes Leben"},"content":{"rendered":"<div class=\"pf-content\">\t\t<div data-elementor-type=\"wp-post\" data-elementor-id=\"20196\" class=\"elementor elementor-20196 elementor-20195\" data-elementor-post-type=\"page\">\n\t\t\t\t\t\t<section class=\"elementor-section elementor-top-section elementor-element elementor-element-9082d7b elementor-section-boxed elementor-section-height-default elementor-section-height-default\" data-id=\"9082d7b\" data-element_type=\"section\" data-e-type=\"section\">\n\t\t\t\t\t\t<div class=\"elementor-container elementor-column-gap-default\">\n\t\t\t\t\t<div class=\"elementor-column elementor-col-100 elementor-top-column elementor-element elementor-element-6fddab7\" data-id=\"6fddab7\" data-element_type=\"column\" data-e-type=\"column\">\n\t\t\t<div class=\"elementor-widget-wrap elementor-element-populated\">\n\t\t\t\t\t\t<div class=\"elementor-element elementor-element-13ad2b2 elementor-widget elementor-widget-text-editor\" data-id=\"13ad2b2\" data-element_type=\"widget\" data-e-type=\"widget\" data-widget_type=\"text-editor.default\">\n\t\t\t\t<div class=\"elementor-widget-container\">\n\t\t\t\t\t\t\t\t\t<section class=\"elementor-section elementor-top-section elementor-element elementor-element-9082d7b elementor-section-boxed elementor-section-height-default elementor-section-height-default\" data-id=\"9082d7b\" data-element_type=\"section\"><div class=\"elementor-container elementor-column-gap-default\"><div class=\"elementor-row\"><div class=\"elementor-column elementor-col-100 elementor-top-column elementor-element elementor-element-6fddab7\" data-id=\"6fddab7\" data-element_type=\"column\"><div class=\"elementor-column-wrap elementor-element-populated\"><div class=\"elementor-widget-wrap\"><div class=\"elementor-element elementor-element-13ad2b2 elementor-widget elementor-widget-text-editor\" data-id=\"13ad2b2\" data-element_type=\"widget\" data-widget_type=\"text-editor.default\"><div class=\"elementor-widget-container\"><div class=\"elementor-text-editor elementor-clearfix\"><p>La t\u00e2che du Conseil \u00e9piscopal (CE)\u00a0<i>Vie consacr\u00e9e\u00a0<\/i>est d\u2019abord \u00ab\u00a0d\u2019\u00e9couter les communaut\u00e9s et les personnes consacr\u00e9es et ainsi permettre au dioc\u00e8se d\u2019int\u00e9grer les diff\u00e9rents charismes\u00a0\u00bb.<\/p><p>Sont compris dans \u00ab\u00a0personnes consacr\u00e9es\u00a0\u00bb :<\/p><ul><li>les religieuses, religieux apostoliques et contemplatifs,<\/li><li>ce qu\u2019on appelle les \u00ab\u00a0communaut\u00e9s nouvelles\u00a0\u00bb (comme le Chemin neuf, les B\u00e9atitudes\u2026)<\/li><li>les vierges consacr\u00e9es, les ermites consacr\u00e9-e-s<\/li><li>toute forme de vie consacr\u00e9e.<\/li><\/ul><p>A partir de cette \u00e9coute des consacr\u00e9-e-s, la repr\u00e9sentante de l\u2019\u00e9v\u00eaque pour la vie consacr\u00e9e participe aux rencontres des consacr\u00e9s dans les diff\u00e9rents cantons du dioc\u00e8se. Elle r\u00e9pond aux demandes des communaut\u00e9s ou des personnes individuelles pour des r\u00e9flexions, des temps forts, ou toute sorte de besoins concernant ce que les consacr\u00e9-e-s ont \u00e0 vivre.<\/p><p>Le CE\u00a0<em>Vie consacr\u00e9e<\/em> collabore avec la chancellerie de l\u2019\u00e9v\u00each\u00e9 pour la mise \u00e0 jour des statistiques et ainsi avoir une image du visage de la vie consacr\u00e9e dans le dioc\u00e8se.<\/p><\/div><\/div><\/div><\/div><\/div><\/div><\/div><\/div><\/section>\t\t\t\t\t\t\t\t<\/div>\n\t\t\t\t<\/div>\n\t\t\t\t\t<\/div>\n\t\t<\/div>\n\t\t\t\t\t<\/div>\n\t\t<\/section>\n\t\t\t\t<section class=\"elementor-section elementor-top-section elementor-element elementor-element-4c42978 bloc-titre elementor-section-boxed elementor-section-height-default elementor-section-height-default\" data-id=\"4c42978\" data-element_type=\"section\" data-e-type=\"section\">\n\t\t\t\t\t\t<div class=\"elementor-container elementor-column-gap-default\">\n\t\t\t\t\t<div class=\"elementor-column elementor-col-100 elementor-top-column elementor-element elementor-element-a7bc494\" data-id=\"a7bc494\" data-element_type=\"column\" data-e-type=\"column\">\n\t\t\t<div class=\"elementor-widget-wrap elementor-element-populated\">\n\t\t\t\t\t\t<div class=\"elementor-element elementor-element-9b41188 elementor-widget elementor-widget-heading\" data-id=\"9b41188\" data-element_type=\"widget\" data-e-type=\"widget\" data-widget_type=\"heading.default\">\n\t\t\t\t<div class=\"elementor-widget-container\">\n\t\t\t\t\t<h2 class=\"elementor-heading-title elementor-size-default\">Mitgliederliste<\/h2>\t\t\t\t<\/div>\n\t\t\t\t<\/div>\n\t\t\t\t\t<\/div>\n\t\t<\/div>\n\t\t\t\t\t<\/div>\n\t\t<\/section>\n\t\t\t\t<section class=\"elementor-section elementor-top-section elementor-element elementor-element-8223a23 elementor-section-boxed elementor-section-height-default elementor-section-height-default\" data-id=\"8223a23\" data-element_type=\"section\" data-e-type=\"section\">\n\t\t\t\t\t\t<div class=\"elementor-container elementor-column-gap-default\">\n\t\t\t\t\t<div class=\"elementor-column elementor-col-100 elementor-top-column elementor-element elementor-element-3ba2b14\" data-id=\"3ba2b14\" data-element_type=\"column\" data-e-type=\"column\">\n\t\t\t<div class=\"elementor-widget-wrap elementor-element-populated\">\n\t\t\t\t\t\t<div class=\"elementor-element elementor-element-7c2d136 elementor-widget elementor-widget-text-editor\" data-id=\"7c2d136\" data-element_type=\"widget\" data-e-type=\"widget\" data-widget_type=\"text-editor.default\">\n\t\t\t\t<div class=\"elementor-widget-container\">\n\t\t\t\t\t\t\t\t\t<ul><li>S\u0153ur Marie-Emmanuel MINOT, repr\u00e9sentante de l\u2019\u00e9v\u00eaque pour la vie consacr\u00e9e, des S\u0153urs Hospitali\u00e8res de Ste-Marthe, Fribourg<\/li><li>S\u0153ur Marie-Brigitte SEEHOLZER, sup\u00e9rieure g\u00e9n\u00e9rale des S\u0153urs de Ste-Ursule, Fribourg<\/li><\/ul>\t\t\t\t\t\t\t\t<\/div>\n\t\t\t\t<\/div>\n\t\t\t\t\t<\/div>\n\t\t<\/div>\n\t\t\t\t\t<\/div>\n\t\t<\/section>\n\t\t\t\t<\/div>\n\t\t<\/div>","protected":false},"excerpt":{"rendered":"<p>La t\u00e2che du Conseil \u00e9piscopal (CE)\u00a0Vie consacr\u00e9e\u00a0est d\u2019abord \u00ab\u00a0d\u2019\u00e9couter les communaut\u00e9s et les personnes consacr\u00e9es et ainsi permettre au dioc\u00e8se d\u2019int\u00e9grer les diff\u00e9rents charismes\u00a0\u00bb. Sont compris dans \u00ab\u00a0personnes consacr\u00e9es\u00a0\u00bb : [&hellip;]<\/p>\n","protected":false},"author":7,"featured_media":0,"parent":0,"menu_order":1,"comment_status":"closed","ping_status":"closed","template":"","meta":{"_acf_changed":false,"footnotes":""},"categories":[133,125],"tags":[],"class_list":["post-20196","page","type-page","status-publish","hentry","category-ccom-de","category-eveche-de"],"acf":[],"_links":{"self":[{"href":"https:\/\/diocese-lgf.ch\/de\/wp-json\/wp\/v2\/pages\/20196","targetHints":{"allow":["GET"]}}],"collection":[{"href":"https:\/\/diocese-lgf.ch\/de\/wp-json\/wp\/v2\/pages"}],"about":[{"href":"https:\/\/diocese-lgf.ch\/de\/wp-json\/wp\/v2\/types\/page"}],"author":[{"embeddable":true,"href":"https:\/\/diocese-lgf.ch\/de\/wp-json\/wp\/v2\/users\/7"}],"replies":[{"embeddable":true,"href":"https:\/\/diocese-lgf.ch\/de\/wp-json\/wp\/v2\/comments?post=20196"}],"version-history":[{"count":5,"href":"https:\/\/diocese-lgf.ch\/de\/wp-json\/wp\/v2\/pages\/20196\/revisions"}],"predecessor-version":[{"id":23535,"href":"https:\/\/diocese-lgf.ch\/de\/wp-json\/wp\/v2\/pages\/20196\/revisions\/23535"}],"wp:attachment":[{"href":"https:\/\/diocese-lgf.ch\/de\/wp-json\/wp\/v2\/media?parent=20196"}],"wp:term":[{"taxonomy":"category","embeddable":true,"href":"https:\/\/diocese-lgf.ch\/de\/wp-json\/wp\/v2\/categories?post=20196"},{"taxonomy":"post_tag","embeddable":true,"href":"https:\/\/diocese-lgf.ch\/de\/wp-json\/wp\/v2\/tags?post=20196"}],"curies":[{"name":"wp","href":"https:\/\/api.w.org\/{rel}","templated":true}]}}