{"id":20096,"date":"2024-04-26T13:20:28","date_gmt":"2024-04-26T11:20:28","guid":{"rendered":"https:\/\/diocese-lgf.emblematik.dev\/?page_id=20096"},"modified":"2024-12-03T14:46:03","modified_gmt":"2024-12-03T13:46:03","slug":"bischofsrat-katechese-und-katechumenat","status":"publish","type":"page","link":"https:\/\/diocese-lgf.ch\/de\/bischofsrat-katechese-und-katechumenat\/","title":{"rendered":"Bischofsrat Katechese und Katechumenat"},"content":{"rendered":"<div class=\"pf-content\">\t\t<div data-elementor-type=\"wp-post\" data-elementor-id=\"20096\" class=\"elementor elementor-20096 elementor-20095\" data-elementor-post-type=\"page\">\n\t\t\t\t\t\t<section class=\"elementor-section elementor-top-section elementor-element elementor-element-9082d7b elementor-section-boxed elementor-section-height-default elementor-section-height-default\" data-id=\"9082d7b\" data-element_type=\"section\" data-e-type=\"section\">\n\t\t\t\t\t\t<div class=\"elementor-container elementor-column-gap-default\">\n\t\t\t\t\t<div class=\"elementor-column elementor-col-100 elementor-top-column elementor-element elementor-element-6fddab7\" data-id=\"6fddab7\" data-element_type=\"column\" data-e-type=\"column\">\n\t\t\t<div class=\"elementor-widget-wrap elementor-element-populated\">\n\t\t\t\t\t\t<div class=\"elementor-element elementor-element-13ad2b2 elementor-widget elementor-widget-text-editor\" data-id=\"13ad2b2\" data-element_type=\"widget\" data-e-type=\"widget\" data-widget_type=\"text-editor.default\">\n\t\t\t\t<div class=\"elementor-widget-container\">\n\t\t\t\t\t\t\t\t\t<p>L\u2019\u00e9v\u00eaque est le premier responsable de la cat\u00e9ch\u00e8se dans le dioc\u00e8se ; il qui dirige et conduit l\u2019ensemble des activit\u00e9s cat\u00e9ch\u00e9tiques du dioc\u00e8se (<em>Directoire pour la cat\u00e9ch\u00e8se<\/em>, n\u00b0114). Il est aid\u00e9 dans sa responsabilit\u00e9 cat\u00e9ch\u00e9tique par le Conseil \u00e9piscopal cat\u00e9ch\u00e8se et cat\u00e9chum\u00e9nat (CECC). Ce dernier, dans le domaine de la cat\u00e9ch\u00e8se et du cat\u00e9chum\u00e9nat :<\/p><ul><li>accompagne la r\u00e9flexion de l\u2019\u00e9v\u00eaque et en promeut les options;<\/li><li>donne des impulsions, encourage et valide les exp\u00e9riences nouvelles\u00a0;<\/li><li>garde une vue d\u2019ensemble de la pastorale cat\u00e9ch\u00e9tique\u00a0:<ul><li>il en analyse les enjeux ;<\/li><li>il l\u2019oriente en vue d\u2019une bonne coh\u00e9rence dioc\u00e9saine ;<\/li><li>il propose des orientations et formations qui tiennent compte de la r\u00e9alit\u00e9 du terrain ;<\/li><li>il promeut un r\u00e9seau d\u2019\u00e9changes d\u2019exp\u00e9riences et de ressources (lien avec les communaut\u00e9s linguistiques, la liturgie et la diaconie).<\/li><\/ul><\/li><\/ul>\t\t\t\t\t\t\t\t<\/div>\n\t\t\t\t<\/div>\n\t\t\t\t\t<\/div>\n\t\t<\/div>\n\t\t\t\t\t<\/div>\n\t\t<\/section>\n\t\t\t\t<section class=\"elementor-section elementor-top-section elementor-element elementor-element-4c42978 bloc-titre elementor-section-boxed elementor-section-height-default elementor-section-height-default\" data-id=\"4c42978\" data-element_type=\"section\" data-e-type=\"section\">\n\t\t\t\t\t\t<div class=\"elementor-container elementor-column-gap-default\">\n\t\t\t\t\t<div class=\"elementor-column elementor-col-100 elementor-top-column elementor-element elementor-element-a7bc494\" data-id=\"a7bc494\" data-element_type=\"column\" data-e-type=\"column\">\n\t\t\t<div class=\"elementor-widget-wrap elementor-element-populated\">\n\t\t\t\t\t\t<div class=\"elementor-element elementor-element-9b41188 elementor-widget elementor-widget-heading\" data-id=\"9b41188\" data-element_type=\"widget\" data-e-type=\"widget\" data-widget_type=\"heading.default\">\n\t\t\t\t<div class=\"elementor-widget-container\">\n\t\t\t\t\t<h2 class=\"elementor-heading-title elementor-size-default\">Mitgliederliste<\/h2>\t\t\t\t<\/div>\n\t\t\t\t<\/div>\n\t\t\t\t\t<\/div>\n\t\t<\/div>\n\t\t\t\t\t<\/div>\n\t\t<\/section>\n\t\t\t\t<section class=\"elementor-section elementor-top-section elementor-element elementor-element-8223a23 elementor-section-boxed elementor-section-height-default elementor-section-height-default\" data-id=\"8223a23\" data-element_type=\"section\" data-e-type=\"section\">\n\t\t\t\t\t\t<div class=\"elementor-container elementor-column-gap-default\">\n\t\t\t\t\t<div class=\"elementor-column elementor-col-100 elementor-top-column elementor-element elementor-element-3ba2b14\" data-id=\"3ba2b14\" data-element_type=\"column\" data-e-type=\"column\">\n\t\t\t<div class=\"elementor-widget-wrap elementor-element-populated\">\n\t\t\t\t\t\t<div class=\"elementor-element elementor-element-7c2d136 elementor-widget elementor-widget-text-editor\" data-id=\"7c2d136\" data-element_type=\"widget\" data-e-type=\"widget\" data-widget_type=\"text-editor.default\">\n\t\t\t\t<div class=\"elementor-widget-container\">\n\t\t\t\t\t\t\t\t\t<ul><li>Mgr Charles MOREROD<\/li><li>Mme Fabienne GAPANY VELLOZO, repr\u00e9sentante de l\u2019\u00e9v\u00eaque pour la cat\u00e9ch\u00e8se et le cat\u00e9chum\u00e9nat (Service catholique de la cat\u00e9ch\u00e8se et du cat\u00e9chum\u00e9nat, Vaud)<\/li><li>M. S\u00e9bastien BAERTSCHI (Service catholique de cat\u00e9ch\u00e8se, Gen\u00e8ve)<\/li><li>Mme Martine BULLIARD (responsable du Service catholique de cat\u00e9ch\u00e8se, Gen\u00e8ve)<\/li><li>Mme Anne-Marie M\u00c9TAIS (responsable du Service catholique de la cat\u00e9ch\u00e8se et du cat\u00e9chum\u00e9nat, Vaud)<\/li><li>M. Fran\u00e7ois PERROSET (responsable du Service catholique de la cat\u00e9ch\u00e8se et du cat\u00e9chum\u00e9nat, Neuch\u00e2tel)<\/li><li>M. Emmanuel REY (responsable du Service cat\u00e9ch\u00e8se et jeunesse, Fribourg)<\/li><li>M. Paul SALLES (r\u00e9f\u00e9rent cat\u00e9chum\u00e9nat, Fribourg)<\/li><li>Abb\u00e9 Thierry SCHELLING (Gen\u00e8ve)<\/li><li>M. Matthias WILLAUER-HONEGGER (Stellenleiter, Deutschfreiburger Fachstelle Katechese &#8211; defka) (Fribourg germanophone)<\/li><\/ul>\t\t\t\t\t\t\t\t<\/div>\n\t\t\t\t<\/div>\n\t\t\t\t\t<\/div>\n\t\t<\/div>\n\t\t\t\t\t<\/div>\n\t\t<\/section>\n\t\t\t\t<\/div>\n\t\t<\/div>","protected":false},"excerpt":{"rendered":"<p>L\u2019\u00e9v\u00eaque est le premier responsable de la cat\u00e9ch\u00e8se dans le dioc\u00e8se ; il qui dirige et conduit l\u2019ensemble des activit\u00e9s cat\u00e9ch\u00e9tiques du dioc\u00e8se (Directoire pour la cat\u00e9ch\u00e8se, n\u00b0114). Il est [&hellip;]<\/p>\n","protected":false},"author":7,"featured_media":0,"parent":0,"menu_order":1,"comment_status":"closed","ping_status":"closed","template":"","meta":{"_acf_changed":false,"footnotes":""},"categories":[133,125],"tags":[],"class_list":["post-20096","page","type-page","status-publish","hentry","category-ccom-de","category-eveche-de"],"acf":[],"_links":{"self":[{"href":"https:\/\/diocese-lgf.ch\/de\/wp-json\/wp\/v2\/pages\/20096","targetHints":{"allow":["GET"]}}],"collection":[{"href":"https:\/\/diocese-lgf.ch\/de\/wp-json\/wp\/v2\/pages"}],"about":[{"href":"https:\/\/diocese-lgf.ch\/de\/wp-json\/wp\/v2\/types\/page"}],"author":[{"embeddable":true,"href":"https:\/\/diocese-lgf.ch\/de\/wp-json\/wp\/v2\/users\/7"}],"replies":[{"embeddable":true,"href":"https:\/\/diocese-lgf.ch\/de\/wp-json\/wp\/v2\/comments?post=20096"}],"version-history":[{"count":11,"href":"https:\/\/diocese-lgf.ch\/de\/wp-json\/wp\/v2\/pages\/20096\/revisions"}],"predecessor-version":[{"id":27832,"href":"https:\/\/diocese-lgf.ch\/de\/wp-json\/wp\/v2\/pages\/20096\/revisions\/27832"}],"wp:attachment":[{"href":"https:\/\/diocese-lgf.ch\/de\/wp-json\/wp\/v2\/media?parent=20096"}],"wp:term":[{"taxonomy":"category","embeddable":true,"href":"https:\/\/diocese-lgf.ch\/de\/wp-json\/wp\/v2\/categories?post=20096"},{"taxonomy":"post_tag","embeddable":true,"href":"https:\/\/diocese-lgf.ch\/de\/wp-json\/wp\/v2\/tags?post=20096"}],"curies":[{"name":"wp","href":"https:\/\/api.w.org\/{rel}","templated":true}]}}