{"id":20027,"date":"2022-11-18T09:23:17","date_gmt":"2022-11-18T08:23:17","guid":{"rendered":"https:\/\/diocese-lgf.emblematik.dev\/?page_id=20027"},"modified":"2024-06-20T14:50:20","modified_gmt":"2024-06-20T12:50:20","slug":"bischofsrat-2","status":"publish","type":"page","link":"https:\/\/diocese-lgf.ch\/de\/bischofsrat-2\/","title":{"rendered":"Bischofsrat Sakrale Kunst"},"content":{"rendered":"<div class=\"pf-content\">\t\t<div data-elementor-type=\"wp-post\" data-elementor-id=\"20027\" class=\"elementor elementor-20027 elementor-20026\" data-elementor-post-type=\"page\">\n\t\t\t\t\t\t<section class=\"elementor-section elementor-top-section elementor-element elementor-element-45d59ea elementor-section-boxed elementor-section-height-default elementor-section-height-default\" data-id=\"45d59ea\" data-element_type=\"section\" data-e-type=\"section\">\n\t\t\t\t\t\t<div class=\"elementor-container elementor-column-gap-default\">\n\t\t\t\t\t<div class=\"elementor-column elementor-col-100 elementor-top-column elementor-element elementor-element-bd8af4c\" data-id=\"bd8af4c\" data-element_type=\"column\" data-e-type=\"column\">\n\t\t\t<div class=\"elementor-widget-wrap elementor-element-populated\">\n\t\t\t\t\t\t<div class=\"elementor-element elementor-element-a910577 elementor-widget elementor-widget-text-editor\" data-id=\"a910577\" data-element_type=\"widget\" data-e-type=\"widget\" data-widget_type=\"text-editor.default\">\n\t\t\t\t<div class=\"elementor-widget-container\">\n\t\t\t\t\t\t\t\t\t<p>Le Conseil \u00e9piscopal <em>Art sacr\u00e9<\/em> a pour but d\u2019\u00e9tudier les questions liant l\u2019art et l\u2019\u00c9glise catholique, principalement \u00e0 l\u2019\u00e9chelle de notre dioc\u00e8se.<\/p>\t\t\t\t\t\t\t\t<\/div>\n\t\t\t\t<\/div>\n\t\t\t\t\t<\/div>\n\t\t<\/div>\n\t\t\t\t\t<\/div>\n\t\t<\/section>\n\t\t\t\t<section class=\"elementor-section elementor-top-section elementor-element elementor-element-ff43b29 elementor-section-boxed elementor-section-height-default elementor-section-height-default\" data-id=\"ff43b29\" data-element_type=\"section\" data-e-type=\"section\">\n\t\t\t\t\t\t<div class=\"elementor-container elementor-column-gap-default\">\n\t\t\t\t\t<div class=\"elementor-column elementor-col-100 elementor-top-column elementor-element elementor-element-8d93348\" data-id=\"8d93348\" data-element_type=\"column\" data-e-type=\"column\">\n\t\t\t<div class=\"elementor-widget-wrap elementor-element-populated\">\n\t\t\t\t\t\t<div class=\"elementor-element elementor-element-e52b8d6 elementor-widget elementor-widget-heading\" data-id=\"e52b8d6\" data-element_type=\"widget\" data-e-type=\"widget\" data-widget_type=\"heading.default\">\n\t\t\t\t<div class=\"elementor-widget-container\">\n\t\t\t\t\t<h2 class=\"elementor-heading-title elementor-size-default\">MITGLIEDERLISTE<\/h2>\t\t\t\t<\/div>\n\t\t\t\t<\/div>\n\t\t\t\t\t<\/div>\n\t\t<\/div>\n\t\t\t\t\t<\/div>\n\t\t<\/section>\n\t\t\t\t<section class=\"elementor-section elementor-top-section elementor-element elementor-element-6bf50f4 elementor-section-boxed elementor-section-height-default elementor-section-height-default\" data-id=\"6bf50f4\" data-element_type=\"section\" data-e-type=\"section\">\n\t\t\t\t\t\t<div class=\"elementor-container elementor-column-gap-default\">\n\t\t\t\t\t<div class=\"elementor-column elementor-col-100 elementor-top-column elementor-element elementor-element-288d761\" data-id=\"288d761\" data-element_type=\"column\" data-e-type=\"column\">\n\t\t\t<div class=\"elementor-widget-wrap elementor-element-populated\">\n\t\t\t\t\t\t<div class=\"elementor-element elementor-element-64e3958 elementor-widget elementor-widget-text-editor\" data-id=\"64e3958\" data-element_type=\"widget\" data-e-type=\"widget\" data-widget_type=\"text-editor.default\">\n\t\t\t\t<div class=\"elementor-widget-container\">\n\t\t\t\t\t\t\t\t\t<ul style=\"font-size: 15.2px;\">\n<li>Mme Agn\u00e8s BAROTTE, repr\u00e9sentante de l\u2019\u00e9v\u00eaque pour l\u2019art sacr\u00e9 et d\u00e9l\u00e9gu\u00e9e du canton de Neuch\u00e2tel<\/li>\n<li>Fr. Alexis HELG CSJ, d\u00e9l\u00e9gu\u00e9 du canton de Gen\u00e8ve<\/li>\n<li>M. le Prof. Martin KL\u00d6CKENER, d\u00e9l\u00e9gu\u00e9 du canton de Fribourg (partie germanophone)<\/li>\n<li>M. Danilo MONDADA,&nbsp;<span style=\"font-size: 15.2px;\">architecte, d\u00e9l\u00e9gu\u00e9 du canton de Vaud<\/span><\/li>\n<li><span style=\"font-size: 1rem;\">Mme Aurelia PELLIZZARI, d\u00e9l\u00e9gu\u00e9e du canton de Fribourg (partie francophone)<\/span><\/li>\n<\/ul>\t\t\t\t\t\t\t\t<\/div>\n\t\t\t\t<\/div>\n\t\t\t\t\t<\/div>\n\t\t<\/div>\n\t\t\t\t\t<\/div>\n\t\t<\/section>\n\t\t\t\t<\/div>\n\t\t<\/div>","protected":false},"excerpt":{"rendered":"<p>Le Conseil \u00e9piscopal Art sacr\u00e9 a pour but d\u2019\u00e9tudier les questions liant l\u2019art et l\u2019\u00c9glise catholique, principalement \u00e0 l\u2019\u00e9chelle de notre dioc\u00e8se. MITGLIEDERLISTE Mme Agn\u00e8s BAROTTE, repr\u00e9sentante de l\u2019\u00e9v\u00eaque pour [&hellip;]<\/p>\n","protected":false},"author":7,"featured_media":0,"parent":0,"menu_order":1,"comment_status":"closed","ping_status":"closed","template":"","meta":{"_acf_changed":false,"footnotes":""},"categories":[133,125],"tags":[],"class_list":["post-20027","page","type-page","status-publish","hentry","category-ccom-de","category-eveche-de"],"acf":[],"_links":{"self":[{"href":"https:\/\/diocese-lgf.ch\/de\/wp-json\/wp\/v2\/pages\/20027","targetHints":{"allow":["GET"]}}],"collection":[{"href":"https:\/\/diocese-lgf.ch\/de\/wp-json\/wp\/v2\/pages"}],"about":[{"href":"https:\/\/diocese-lgf.ch\/de\/wp-json\/wp\/v2\/types\/page"}],"author":[{"embeddable":true,"href":"https:\/\/diocese-lgf.ch\/de\/wp-json\/wp\/v2\/users\/7"}],"replies":[{"embeddable":true,"href":"https:\/\/diocese-lgf.ch\/de\/wp-json\/wp\/v2\/comments?post=20027"}],"version-history":[{"count":11,"href":"https:\/\/diocese-lgf.ch\/de\/wp-json\/wp\/v2\/pages\/20027\/revisions"}],"predecessor-version":[{"id":26360,"href":"https:\/\/diocese-lgf.ch\/de\/wp-json\/wp\/v2\/pages\/20027\/revisions\/26360"}],"wp:attachment":[{"href":"https:\/\/diocese-lgf.ch\/de\/wp-json\/wp\/v2\/media?parent=20027"}],"wp:term":[{"taxonomy":"category","embeddable":true,"href":"https:\/\/diocese-lgf.ch\/de\/wp-json\/wp\/v2\/categories?post=20027"},{"taxonomy":"post_tag","embeddable":true,"href":"https:\/\/diocese-lgf.ch\/de\/wp-json\/wp\/v2\/tags?post=20027"}],"curies":[{"name":"wp","href":"https:\/\/api.w.org\/{rel}","templated":true}]}}