{"id":20019,"date":"2024-04-26T13:41:55","date_gmt":"2024-04-26T11:41:55","guid":{"rendered":"https:\/\/diocese-lgf.emblematik.dev\/?page_id=20019"},"modified":"2025-09-25T16:36:00","modified_gmt":"2025-09-25T14:36:00","slug":"bischofsrat-ernennungen","status":"publish","type":"page","link":"https:\/\/diocese-lgf.ch\/de\/bischofsrat-ernennungen\/","title":{"rendered":"Bischofsrat Pastorale Leitung"},"content":{"rendered":"<div class=\"pf-content\">\t\t<div data-elementor-type=\"wp-post\" data-elementor-id=\"20019\" class=\"elementor elementor-20019 elementor-20018\" data-elementor-post-type=\"page\">\n\t\t\t\t\t\t<section class=\"elementor-section elementor-top-section elementor-element elementor-element-9082d7b elementor-section-boxed elementor-section-height-default elementor-section-height-default\" data-id=\"9082d7b\" data-element_type=\"section\" data-e-type=\"section\">\n\t\t\t\t\t\t<div class=\"elementor-container elementor-column-gap-default\">\n\t\t\t\t\t<div class=\"elementor-column elementor-col-100 elementor-top-column elementor-element elementor-element-6fddab7\" data-id=\"6fddab7\" data-element_type=\"column\" data-e-type=\"column\">\n\t\t\t<div class=\"elementor-widget-wrap elementor-element-populated\">\n\t\t\t\t\t\t<div class=\"elementor-element elementor-element-13ad2b2 elementor-widget elementor-widget-text-editor\" data-id=\"13ad2b2\" data-element_type=\"widget\" data-e-type=\"widget\" data-widget_type=\"text-editor.default\">\n\t\t\t\t<div class=\"elementor-widget-container\">\n\t\t\t\t\t\t\t\t\t<p>Le Conseil \u00e9piscopal <em>Conduite pastorale<\/em>\u00a0analyse notamment les besoins au niveau des ressources humaines.<\/p>\t\t\t\t\t\t\t\t<\/div>\n\t\t\t\t<\/div>\n\t\t\t\t\t<\/div>\n\t\t<\/div>\n\t\t\t\t\t<\/div>\n\t\t<\/section>\n\t\t\t\t<section class=\"elementor-section elementor-top-section elementor-element elementor-element-4c42978 bloc-titre elementor-section-boxed elementor-section-height-default elementor-section-height-default\" data-id=\"4c42978\" data-element_type=\"section\" data-e-type=\"section\">\n\t\t\t\t\t\t<div class=\"elementor-container elementor-column-gap-default\">\n\t\t\t\t\t<div class=\"elementor-column elementor-col-100 elementor-top-column elementor-element elementor-element-a7bc494\" data-id=\"a7bc494\" data-element_type=\"column\" data-e-type=\"column\">\n\t\t\t<div class=\"elementor-widget-wrap elementor-element-populated\">\n\t\t\t\t\t\t<div class=\"elementor-element elementor-element-9b41188 elementor-widget elementor-widget-heading\" data-id=\"9b41188\" data-element_type=\"widget\" data-e-type=\"widget\" data-widget_type=\"heading.default\">\n\t\t\t\t<div class=\"elementor-widget-container\">\n\t\t\t\t\t<h2 class=\"elementor-heading-title elementor-size-default\">Mitgliederliste<\/h2>\t\t\t\t<\/div>\n\t\t\t\t<\/div>\n\t\t\t\t\t<\/div>\n\t\t<\/div>\n\t\t\t\t\t<\/div>\n\t\t<\/section>\n\t\t\t\t<section class=\"elementor-section elementor-top-section elementor-element elementor-element-8223a23 elementor-section-boxed elementor-section-height-default elementor-section-height-default\" data-id=\"8223a23\" data-element_type=\"section\" data-e-type=\"section\">\n\t\t\t\t\t\t<div class=\"elementor-container elementor-column-gap-default\">\n\t\t\t\t\t<div class=\"elementor-column elementor-col-100 elementor-top-column elementor-element elementor-element-3ba2b14\" data-id=\"3ba2b14\" data-element_type=\"column\" data-e-type=\"column\">\n\t\t\t<div class=\"elementor-widget-wrap elementor-element-populated\">\n\t\t\t\t\t\t<div class=\"elementor-element elementor-element-7c2d136 elementor-widget elementor-widget-text-editor\" data-id=\"7c2d136\" data-element_type=\"widget\" data-e-type=\"widget\" data-widget_type=\"text-editor.default\">\n\t\t\t\t<div class=\"elementor-widget-container\">\n\t\t\t\t\t\t\t\t\t<ul><li>Mme Mari Carmen AVILA, repr\u00e9sentante de l\u2019\u00e9v\u00eaque pour la pr\u00e9vention<\/li><li>M. Romuald BABEY, repr\u00e9sentant de l&#8217;\u00e9v\u00eaque pour la r\u00e9gion dioc\u00e9saine de Neuch\u00e2tel<\/li><li>Mme Aurelia DENERVAUD-PELLIZZARI, repr\u00e9sentante de l&#8217;\u00e9v\u00eaque pour la r\u00e9gion dioc\u00e9saine de Fribourg (partie francophone)<\/li><li>Mme Fabienne DUBOULOZ-GIGON, repr\u00e9sentante de l&#8217;\u00e9v\u00eaque pour la r\u00e9gion dioc\u00e9saine de Gen\u00e8ve<\/li><li>Mgr Jean-Claude DUNAND, vicaire g\u00e9n\u00e9ral\u00a0<\/li><li><span style=\"font-size: 1rem;\">Mme Laure-Christine GRANDJEAN, chanceli\u00e8re a.i. et responsable de la communication<\/span><\/li><li>M. Jean-Baptiste HENRY de DIESBACH, pr\u00e9sident du conseil d&#8217;administration du dioc\u00e8se<\/li><li>M. Patrick MAYOR, responsable RH de l&#8217;\u00e9v\u00each\u00e9 et membre de la curie \u00e9piscopale<\/li><li>Mme\u00a0<span style=\"font-size: 15.2px;\">Isabella SENGHOR<\/span>, repr\u00e9sentante de l&#8217;\u00e9v\u00eaque pour la r\u00e9gion dioc\u00e9saine de Fribourg (partie germanophone) \u00a0<\/li><li>M. Michel RACLOZ, repr\u00e9sentant de l&#8217;\u00e9v\u00eaque pour la r\u00e9gion dioc\u00e9saine de Vaud<\/li><li>Mgr Alain de RAEMY, \u00e9v\u00eaque auxiliaire et vicaire g\u00e9n\u00e9ral<\/li><li>Mgr Bernard SONNEY, vicaire g\u00e9n\u00e9ral<\/li><\/ul>\t\t\t\t\t\t\t\t<\/div>\n\t\t\t\t<\/div>\n\t\t\t\t\t<\/div>\n\t\t<\/div>\n\t\t\t\t\t<\/div>\n\t\t<\/section>\n\t\t\t\t<\/div>\n\t\t<\/div>","protected":false},"excerpt":{"rendered":"<p>Le Conseil \u00e9piscopal Conduite pastorale\u00a0analyse notamment les besoins au niveau des ressources humaines. Mitgliederliste Mme Mari Carmen AVILA, repr\u00e9sentante de l\u2019\u00e9v\u00eaque pour la pr\u00e9vention M. Romuald BABEY, repr\u00e9sentant de l&#8217;\u00e9v\u00eaque [&hellip;]<\/p>\n","protected":false},"author":7,"featured_media":0,"parent":0,"menu_order":1,"comment_status":"closed","ping_status":"closed","template":"","meta":{"_acf_changed":false,"footnotes":""},"categories":[34,30],"tags":[],"class_list":["post-20019","page","type-page","status-publish","hentry","category-ccom","category-eveche"],"acf":[],"_links":{"self":[{"href":"https:\/\/diocese-lgf.ch\/de\/wp-json\/wp\/v2\/pages\/20019","targetHints":{"allow":["GET"]}}],"collection":[{"href":"https:\/\/diocese-lgf.ch\/de\/wp-json\/wp\/v2\/pages"}],"about":[{"href":"https:\/\/diocese-lgf.ch\/de\/wp-json\/wp\/v2\/types\/page"}],"author":[{"embeddable":true,"href":"https:\/\/diocese-lgf.ch\/de\/wp-json\/wp\/v2\/users\/7"}],"replies":[{"embeddable":true,"href":"https:\/\/diocese-lgf.ch\/de\/wp-json\/wp\/v2\/comments?post=20019"}],"version-history":[{"count":18,"href":"https:\/\/diocese-lgf.ch\/de\/wp-json\/wp\/v2\/pages\/20019\/revisions"}],"predecessor-version":[{"id":31656,"href":"https:\/\/diocese-lgf.ch\/de\/wp-json\/wp\/v2\/pages\/20019\/revisions\/31656"}],"wp:attachment":[{"href":"https:\/\/diocese-lgf.ch\/de\/wp-json\/wp\/v2\/media?parent=20019"}],"wp:term":[{"taxonomy":"category","embeddable":true,"href":"https:\/\/diocese-lgf.ch\/de\/wp-json\/wp\/v2\/categories?post=20019"},{"taxonomy":"post_tag","embeddable":true,"href":"https:\/\/diocese-lgf.ch\/de\/wp-json\/wp\/v2\/tags?post=20019"}],"curies":[{"name":"wp","href":"https:\/\/api.w.org\/{rel}","templated":true}]}}