{"id":20013,"date":"2022-11-18T09:16:42","date_gmt":"2022-11-18T08:16:42","guid":{"rendered":"https:\/\/diocese-lgf.emblematik.dev\/?page_id=20013"},"modified":"2025-09-10T09:39:45","modified_gmt":"2025-09-10T07:39:45","slug":"bischoefliche-beauftragte","status":"publish","type":"page","link":"https:\/\/diocese-lgf.ch\/de\/bischoefliche-beauftragte\/","title":{"rendered":"bisch\u00f6fliche Beauftragte"},"content":{"rendered":"<div class=\"pf-content\">\t\t<div data-elementor-type=\"wp-page\" data-elementor-id=\"20013\" class=\"elementor elementor-20013 elementor-20012\" data-elementor-post-type=\"page\">\n\t\t\t\t\t\t<section class=\"elementor-section elementor-top-section elementor-element elementor-element-003c82e bloc-collaborateur elementor-section-boxed elementor-section-height-default elementor-section-height-default\" data-id=\"003c82e\" data-element_type=\"section\" data-e-type=\"section\" data-settings=\"{&quot;background_background&quot;:&quot;classic&quot;}\">\n\t\t\t\t\t\t<div class=\"elementor-container elementor-column-gap-default\">\n\t\t\t\t\t<div class=\"elementor-column elementor-col-25 elementor-top-column elementor-element elementor-element-d46d3f7\" data-id=\"d46d3f7\" data-element_type=\"column\" data-e-type=\"column\">\n\t\t\t<div class=\"elementor-widget-wrap elementor-element-populated\">\n\t\t\t\t\t\t<div class=\"elementor-element elementor-element-e6396b6 elementor-position-top elementor-invisible elementor-widget elementor-widget-image-box\" data-id=\"e6396b6\" data-element_type=\"widget\" data-e-type=\"widget\" data-settings=\"{&quot;_animation&quot;:&quot;zoomIn&quot;}\" data-widget_type=\"image-box.default\">\n\t\t\t\t<div class=\"elementor-widget-container\">\n\t\t\t\t\t<div class=\"elementor-image-box-wrapper\"><figure class=\"elementor-image-box-img\"><a href=\"mailto:mari.carmen.avila@diocese-lgf.ch\" tabindex=\"-1\"><img decoding=\"async\" width=\"150\" height=\"150\" src=\"https:\/\/diocese-lgf.ch\/wp-content\/uploads\/2022\/05\/Mari-Carmen_2-150x150.jpg\" class=\"elementor-animation-grow attachment-thumbnail size-thumbnail wp-image-18320\" alt=\"\" srcset=\"https:\/\/diocese-lgf.ch\/wp-content\/uploads\/2022\/05\/Mari-Carmen_2-150x150.jpg 150w, https:\/\/diocese-lgf.ch\/wp-content\/uploads\/2022\/05\/Mari-Carmen_2-300x300.jpg 300w, https:\/\/diocese-lgf.ch\/wp-content\/uploads\/2022\/05\/Mari-Carmen_2-1024x1024.jpg 1024w, https:\/\/diocese-lgf.ch\/wp-content\/uploads\/2022\/05\/Mari-Carmen_2-768x768.jpg 768w, https:\/\/diocese-lgf.ch\/wp-content\/uploads\/2022\/05\/Mari-Carmen_2-1536x1536.jpg 1536w, https:\/\/diocese-lgf.ch\/wp-content\/uploads\/2022\/05\/Mari-Carmen_2.jpg 2000w\" sizes=\"(max-width: 150px) 100vw, 150px\" \/><\/a><\/figure><div class=\"elementor-image-box-content\"><h4 class=\"elementor-image-box-title\"><a href=\"mailto:mari.carmen.avila@diocese-lgf.ch\">Mari Carmen Avila<\/a><\/h4><p class=\"elementor-image-box-description\">bisch\u00f6fliche Beauftragte f\u00fcr die Pr\u00e4vention<\/p><\/div><\/div>\t\t\t\t<\/div>\n\t\t\t\t<\/div>\n\t\t\t\t\t<\/div>\n\t\t<\/div>\n\t\t\t\t<div class=\"elementor-column elementor-col-25 elementor-top-column elementor-element elementor-element-c13b4cc\" data-id=\"c13b4cc\" data-element_type=\"column\" data-e-type=\"column\">\n\t\t\t<div class=\"elementor-widget-wrap elementor-element-populated\">\n\t\t\t\t\t\t<div class=\"elementor-element elementor-element-908f250 elementor-position-top elementor-invisible elementor-widget elementor-widget-image-box\" data-id=\"908f250\" data-element_type=\"widget\" data-e-type=\"widget\" data-settings=\"{&quot;_animation&quot;:&quot;zoomIn&quot;}\" data-widget_type=\"image-box.default\">\n\t\t\t\t<div class=\"elementor-widget-container\">\n\t\t\t\t\t<div class=\"elementor-image-box-wrapper\"><figure class=\"elementor-image-box-img\"><a href=\"mailto:romuald.babey@ne.ch\" tabindex=\"-1\"><img decoding=\"async\" width=\"150\" height=\"150\" src=\"https:\/\/diocese-lgf.ch\/wp-content\/uploads\/2022\/11\/20201117_photo-Romuald-Babey-150x150.jpg\" class=\"elementor-animation-grow attachment-thumbnail size-thumbnail wp-image-20044\" alt=\"\" \/><\/a><\/figure><div class=\"elementor-image-box-content\"><h4 class=\"elementor-image-box-title\"><a href=\"mailto:romuald.babey@ne.ch\">Romuald Babey<\/a><\/h4><p class=\"elementor-image-box-description\">bisch\u00f6flicher Beauftragter f\u00fcr die Bistumsregion des Kantons Neuenburg<\/p><\/div><\/div>\t\t\t\t<\/div>\n\t\t\t\t<\/div>\n\t\t\t\t\t<\/div>\n\t\t<\/div>\n\t\t\t\t<div class=\"elementor-column elementor-col-25 elementor-top-column elementor-element elementor-element-524b79c\" data-id=\"524b79c\" data-element_type=\"column\" data-e-type=\"column\">\n\t\t\t<div class=\"elementor-widget-wrap elementor-element-populated\">\n\t\t\t\t\t\t<div class=\"elementor-element elementor-element-260f103 elementor-position-top elementor-invisible elementor-widget elementor-widget-image-box\" data-id=\"260f103\" data-element_type=\"widget\" data-e-type=\"widget\" data-settings=\"{&quot;_animation&quot;:&quot;zoomIn&quot;}\" data-widget_type=\"image-box.default\">\n\t\t\t\t<div class=\"elementor-widget-container\">\n\t\t\t\t\t<div class=\"elementor-image-box-wrapper\"><figure class=\"elementor-image-box-img\"><a href=\"mailto:agnes.barotte@cath-ne.ch\" tabindex=\"-1\"><img decoding=\"async\" width=\"150\" height=\"150\" src=\"https:\/\/diocese-lgf.ch\/wp-content\/uploads\/2022\/11\/Photo-Agnes-Barotte-150x150.jpg\" class=\"elementor-animation-grow attachment-thumbnail size-thumbnail wp-image-20047\" alt=\"\" \/><\/a><\/figure><div class=\"elementor-image-box-content\"><h4 class=\"elementor-image-box-title\"><a href=\"mailto:agnes.barotte@cath-ne.ch\">Agn\u00e8s Barotte<\/a><\/h4><p class=\"elementor-image-box-description\">bisch\u00f6fliche Beauftragte f\u00fcr die sakrale Kunst<\/p><\/div><\/div>\t\t\t\t<\/div>\n\t\t\t\t<\/div>\n\t\t\t\t\t<\/div>\n\t\t<\/div>\n\t\t\t\t<div class=\"elementor-column elementor-col-25 elementor-top-column elementor-element elementor-element-f664644\" data-id=\"f664644\" data-element_type=\"column\" data-e-type=\"column\">\n\t\t\t<div class=\"elementor-widget-wrap elementor-element-populated\">\n\t\t\t\t\t\t<div class=\"elementor-element elementor-element-a6ef898 elementor-position-top elementor-invisible elementor-widget elementor-widget-image-box\" data-id=\"a6ef898\" data-element_type=\"widget\" data-e-type=\"widget\" data-settings=\"{&quot;_animation&quot;:&quot;zoomIn&quot;}\" data-widget_type=\"image-box.default\">\n\t\t\t\t<div class=\"elementor-widget-container\">\n\t\t\t\t\t<div class=\"elementor-image-box-wrapper\"><figure class=\"elementor-image-box-img\"><a href=\"mailto:\" tabindex=\"-1\"><img loading=\"lazy\" decoding=\"async\" width=\"150\" height=\"150\" src=\"https:\/\/diocese-lgf.ch\/wp-content\/uploads\/2025\/09\/Roberto-de-Col_paysage-150x150.jpeg\" class=\"elementor-animation-grow attachment-thumbnail size-thumbnail wp-image-31560\" alt=\"\" \/><\/a><\/figure><div class=\"elementor-image-box-content\"><h4 class=\"elementor-image-box-title\"><a href=\"mailto:\">Roberto De Col<\/a><\/h4><p class=\"elementor-image-box-description\">bisch\u00f6flicher Beauftragter f\u00fcr die \u00d6kologie<\/p><\/div><\/div>\t\t\t\t<\/div>\n\t\t\t\t<\/div>\n\t\t\t\t\t<\/div>\n\t\t<\/div>\n\t\t\t\t\t<\/div>\n\t\t<\/section>\n\t\t\t\t<section class=\"elementor-section elementor-top-section elementor-element elementor-element-9551a2c bloc-collaborateur elementor-section-boxed elementor-section-height-default elementor-section-height-default\" data-id=\"9551a2c\" data-element_type=\"section\" data-e-type=\"section\" data-settings=\"{&quot;background_background&quot;:&quot;classic&quot;}\">\n\t\t\t\t\t\t<div class=\"elementor-container elementor-column-gap-default\">\n\t\t\t\t\t<div class=\"elementor-column elementor-col-25 elementor-top-column elementor-element elementor-element-26f2e37\" data-id=\"26f2e37\" data-element_type=\"column\" data-e-type=\"column\">\n\t\t\t<div class=\"elementor-widget-wrap elementor-element-populated\">\n\t\t\t\t\t\t<div class=\"elementor-element elementor-element-60e44a8 elementor-position-top elementor-invisible elementor-widget elementor-widget-image-box\" data-id=\"60e44a8\" data-element_type=\"widget\" data-e-type=\"widget\" data-settings=\"{&quot;_animation&quot;:&quot;zoomIn&quot;}\" data-widget_type=\"image-box.default\">\n\t\t\t\t<div class=\"elementor-widget-container\">\n\t\t\t\t\t<div class=\"elementor-image-box-wrapper\"><figure class=\"elementor-image-box-img\"><a href=\"mailto:\" tabindex=\"-1\"><img loading=\"lazy\" decoding=\"async\" width=\"150\" height=\"150\" src=\"https:\/\/diocese-lgf.ch\/wp-content\/uploads\/2025\/09\/Aurelia-Denervaud-Pellizzari-e1757489334683-150x150.jpg\" class=\"elementor-animation-grow attachment-thumbnail size-thumbnail wp-image-31546\" alt=\"\" \/><\/a><\/figure><div class=\"elementor-image-box-content\"><h4 class=\"elementor-image-box-title\"><a href=\"mailto:\">Aurelia D\u00e9nervaud-Pellizzari<\/a><\/h4><p class=\"elementor-image-box-description\">bisch\u00f6fliche Beauftragte f\u00fcr die Bistumsregion des Kantons Freiburg (Fr.)<\/p><\/div><\/div>\t\t\t\t<\/div>\n\t\t\t\t<\/div>\n\t\t\t\t\t<\/div>\n\t\t<\/div>\n\t\t\t\t<div class=\"elementor-column elementor-col-25 elementor-top-column elementor-element elementor-element-348c5a3\" data-id=\"348c5a3\" data-element_type=\"column\" data-e-type=\"column\">\n\t\t\t<div class=\"elementor-widget-wrap elementor-element-populated\">\n\t\t\t\t\t\t<div class=\"elementor-element elementor-element-d8ea4a1 elementor-position-top elementor-invisible elementor-widget elementor-widget-image-box\" data-id=\"d8ea4a1\" data-element_type=\"widget\" data-e-type=\"widget\" data-settings=\"{&quot;_animation&quot;:&quot;zoomIn&quot;}\" data-widget_type=\"image-box.default\">\n\t\t\t\t<div class=\"elementor-widget-container\">\n\t\t\t\t\t<div class=\"elementor-image-box-wrapper\"><figure class=\"elementor-image-box-img\"><a href=\"mailto:fabienne.gigon@cath-ge.ch\" tabindex=\"-1\"><img loading=\"lazy\" decoding=\"async\" width=\"150\" height=\"150\" src=\"https:\/\/diocese-lgf.ch\/wp-content\/uploads\/2022\/03\/Gigon_Fabienne-150x150.jpg\" class=\"elementor-animation-grow attachment-thumbnail size-thumbnail wp-image-17519\" alt=\"\" \/><\/a><\/figure><div class=\"elementor-image-box-content\"><h4 class=\"elementor-image-box-title\"><a href=\"mailto:fabienne.gigon@cath-ge.ch\">Fabienne Dubouloz-Gigon<\/a><\/h4><p class=\"elementor-image-box-description\">bisch\u00f6fliche Beauftragte f\u00fcr die Bistumsregion des Kantons Genf<\/p><\/div><\/div>\t\t\t\t<\/div>\n\t\t\t\t<\/div>\n\t\t\t\t\t<\/div>\n\t\t<\/div>\n\t\t\t\t<div class=\"elementor-column elementor-col-25 elementor-top-column elementor-element elementor-element-b30a601\" data-id=\"b30a601\" data-element_type=\"column\" data-e-type=\"column\">\n\t\t\t<div class=\"elementor-widget-wrap elementor-element-populated\">\n\t\t\t\t\t\t<div class=\"elementor-element elementor-element-cf59479 elementor-position-top elementor-invisible elementor-widget elementor-widget-image-box\" data-id=\"cf59479\" data-element_type=\"widget\" data-e-type=\"widget\" data-settings=\"{&quot;_animation&quot;:&quot;zoomIn&quot;}\" data-widget_type=\"image-box.default\">\n\t\t\t\t<div class=\"elementor-widget-container\">\n\t\t\t\t\t<div class=\"elementor-image-box-wrapper\"><figure class=\"elementor-image-box-img\"><a href=\"mailto:fabienne.gapany@cath-vd.ch\" tabindex=\"-1\"><img loading=\"lazy\" decoding=\"async\" width=\"150\" height=\"150\" src=\"https:\/\/diocese-lgf.ch\/wp-content\/uploads\/2022\/11\/Fabienne-Gapany-150x150.jpeg\" class=\"elementor-animation-grow attachment-thumbnail size-thumbnail wp-image-20053\" alt=\"\" \/><\/a><\/figure><div class=\"elementor-image-box-content\"><h4 class=\"elementor-image-box-title\"><a href=\"mailto:fabienne.gapany@cath-vd.ch\">Fabienne Gapany<\/a><\/h4><p class=\"elementor-image-box-description\">bisch\u00f6fliche Beauftragte f\u00fcr die Katechese und den Katechumenat<\/p><\/div><\/div>\t\t\t\t<\/div>\n\t\t\t\t<\/div>\n\t\t\t\t\t<\/div>\n\t\t<\/div>\n\t\t\t\t<div class=\"elementor-column elementor-col-25 elementor-top-column elementor-element elementor-element-e6b407c\" data-id=\"e6b407c\" data-element_type=\"column\" data-e-type=\"column\">\n\t\t\t<div class=\"elementor-widget-wrap elementor-element-populated\">\n\t\t\t\t\t\t<div class=\"elementor-element elementor-element-98d1331 elementor-position-top elementor-invisible elementor-widget elementor-widget-image-box\" data-id=\"98d1331\" data-element_type=\"widget\" data-e-type=\"widget\" data-settings=\"{&quot;_animation&quot;:&quot;zoomIn&quot;}\" data-widget_type=\"image-box.default\">\n\t\t\t\t<div class=\"elementor-widget-container\">\n\t\t\t\t\t<div class=\"elementor-image-box-wrapper\"><figure class=\"elementor-image-box-img\"><a href=\"mailto:nicolas.glasson@kath-fr.ch\" tabindex=\"-1\"><img loading=\"lazy\" decoding=\"async\" width=\"150\" height=\"150\" src=\"https:\/\/diocese-lgf.ch\/wp-content\/uploads\/2019\/09\/portrait_Glasson_Nicolas-150x150.jpg\" class=\"elementor-animation-grow attachment-thumbnail size-thumbnail wp-image-1751\" alt=\"\" \/><\/a><\/figure><div class=\"elementor-image-box-content\"><h4 class=\"elementor-image-box-title\"><a href=\"mailto:nicolas.glasson@kath-fr.ch\">Nicolas Glasson<\/a><\/h4><p class=\"elementor-image-box-description\">Bischofsvikar f\u00fcr die Berufungspastoral und die Ausbildung der Seminaristen<\/p><\/div><\/div>\t\t\t\t<\/div>\n\t\t\t\t<\/div>\n\t\t\t\t\t<\/div>\n\t\t<\/div>\n\t\t\t\t\t<\/div>\n\t\t<\/section>\n\t\t\t\t<section class=\"elementor-section elementor-top-section elementor-element elementor-element-abf9a69 bloc-collaborateur elementor-section-boxed elementor-section-height-default elementor-section-height-default\" data-id=\"abf9a69\" data-element_type=\"section\" data-e-type=\"section\" data-settings=\"{&quot;background_background&quot;:&quot;classic&quot;}\">\n\t\t\t\t\t\t<div class=\"elementor-container elementor-column-gap-default\">\n\t\t\t\t\t<div class=\"elementor-column elementor-col-25 elementor-top-column elementor-element elementor-element-aedb970\" data-id=\"aedb970\" data-element_type=\"column\" data-e-type=\"column\">\n\t\t\t<div class=\"elementor-widget-wrap elementor-element-populated\">\n\t\t\t\t\t\t<div class=\"elementor-element elementor-element-b0bb0d1 elementor-position-top elementor-invisible elementor-widget elementor-widget-image-box\" data-id=\"b0bb0d1\" data-element_type=\"widget\" data-e-type=\"widget\" data-settings=\"{&quot;_animation&quot;:&quot;zoomIn&quot;}\" data-widget_type=\"image-box.default\">\n\t\t\t\t<div class=\"elementor-widget-container\">\n\t\t\t\t\t<div class=\"elementor-image-box-wrapper\"><figure class=\"elementor-image-box-img\"><a href=\"mailto:noemi.honegger-willauer@kath-fr.ch\" tabindex=\"-1\"><img loading=\"lazy\" decoding=\"async\" width=\"150\" height=\"150\" src=\"https:\/\/diocese-lgf.ch\/wp-content\/uploads\/2024\/02\/202240219_photo_Noemi_Honegger_site-150x150.jpg\" class=\"elementor-animation-grow attachment-thumbnail size-thumbnail wp-image-24957\" alt=\"Noemi Honegger-Willauer\" \/><\/a><\/figure><div class=\"elementor-image-box-content\"><h4 class=\"elementor-image-box-title\"><a href=\"mailto:noemi.honegger-willauer@kath-fr.ch\">Noemi Honegger-Willauer <\/a><\/h4><p class=\"elementor-image-box-description\">bisch\u00f6fliche Beauftragte f\u00fcr das Gesundheitswesen<\/p><\/div><\/div>\t\t\t\t<\/div>\n\t\t\t\t<\/div>\n\t\t\t\t\t<\/div>\n\t\t<\/div>\n\t\t\t\t<div class=\"elementor-column elementor-col-25 elementor-top-column elementor-element elementor-element-a163889\" data-id=\"a163889\" data-element_type=\"column\" data-e-type=\"column\">\n\t\t\t<div class=\"elementor-widget-wrap elementor-element-populated\">\n\t\t\t\t\t\t<div class=\"elementor-element elementor-element-e1f7c5e elementor-position-top elementor-invisible elementor-widget elementor-widget-image-box\" data-id=\"e1f7c5e\" data-element_type=\"widget\" data-e-type=\"widget\" data-settings=\"{&quot;_animation&quot;:&quot;zoomIn&quot;}\" data-widget_type=\"image-box.default\">\n\t\t\t\t<div class=\"elementor-widget-container\">\n\t\t\t\t\t<div class=\"elementor-image-box-wrapper\"><figure class=\"elementor-image-box-img\"><a href=\"mailto:ph.hugo@ccrfe.ch\" tabindex=\"-1\"><img loading=\"lazy\" decoding=\"async\" width=\"150\" height=\"150\" src=\"https:\/\/diocese-lgf.ch\/wp-content\/uploads\/2022\/06\/HUGO-Philippe-1-150x150.jpg\" class=\"elementor-animation-grow attachment-thumbnail size-thumbnail wp-image-18716\" alt=\"\" \/><\/a><\/figure><div class=\"elementor-image-box-content\"><h4 class=\"elementor-image-box-title\"><a href=\"mailto:ph.hugo@ccrfe.ch\">Philippe Hugo<\/a><\/h4><p class=\"elementor-image-box-description\">bisch\u00f6flicher Beauftragter f\u00fcr die Ausbildung<\/p><\/div><\/div>\t\t\t\t<\/div>\n\t\t\t\t<\/div>\n\t\t\t\t\t<\/div>\n\t\t<\/div>\n\t\t\t\t<div class=\"elementor-column elementor-col-25 elementor-top-column elementor-element elementor-element-9a64e52\" data-id=\"9a64e52\" data-element_type=\"column\" data-e-type=\"column\">\n\t\t\t<div class=\"elementor-widget-wrap elementor-element-populated\">\n\t\t\t\t\t\t<div class=\"elementor-element elementor-element-4767ece elementor-position-top elementor-invisible elementor-widget elementor-widget-image-box\" data-id=\"4767ece\" data-element_type=\"widget\" data-e-type=\"widget\" data-settings=\"{&quot;_animation&quot;:&quot;zoomIn&quot;}\" data-widget_type=\"image-box.default\">\n\t\t\t\t<div class=\"elementor-widget-container\">\n\t\t\t\t\t<div class=\"elementor-image-box-wrapper\"><figure class=\"elementor-image-box-img\"><a href=\"mailto:m_emmanuel_m@yahoo.fr\" tabindex=\"-1\"><img loading=\"lazy\" decoding=\"async\" width=\"150\" height=\"150\" src=\"https:\/\/diocese-lgf.ch\/wp-content\/uploads\/2022\/07\/MINOT-Marie-Emmanuel-150x150.jpg\" class=\"elementor-animation-grow attachment-thumbnail size-thumbnail wp-image-18974\" alt=\"\" \/><\/a><\/figure><div class=\"elementor-image-box-content\"><h4 class=\"elementor-image-box-title\"><a href=\"mailto:m_emmanuel_m@yahoo.fr\">Soeur Marie-Emmanuel Minot<\/a><\/h4><p class=\"elementor-image-box-description\">bisch\u00f6fliche Beauftragte f\u00fcr das geweihte Leben<\/p><\/div><\/div>\t\t\t\t<\/div>\n\t\t\t\t<\/div>\n\t\t\t\t\t<\/div>\n\t\t<\/div>\n\t\t\t\t<div class=\"elementor-column elementor-col-25 elementor-top-column elementor-element elementor-element-d5114cd\" data-id=\"d5114cd\" data-element_type=\"column\" data-e-type=\"column\">\n\t\t\t<div class=\"elementor-widget-wrap elementor-element-populated\">\n\t\t\t\t\t\t<div class=\"elementor-element elementor-element-4689441 elementor-position-top elementor-invisible elementor-widget elementor-widget-image-box\" data-id=\"4689441\" data-element_type=\"widget\" data-e-type=\"widget\" data-settings=\"{&quot;_animation&quot;:&quot;zoomIn&quot;}\" data-widget_type=\"image-box.default\">\n\t\t\t\t<div class=\"elementor-widget-container\">\n\t\t\t\t\t<div class=\"elementor-image-box-wrapper\"><figure class=\"elementor-image-box-img\"><a href=\"mailto:michel.racloz@cath-vd.ch\" tabindex=\"-1\"><img loading=\"lazy\" decoding=\"async\" width=\"150\" height=\"150\" src=\"https:\/\/diocese-lgf.ch\/wp-content\/uploads\/2022\/11\/RACLOZ-Michel-150x150.jpg\" class=\"elementor-animation-grow attachment-thumbnail size-thumbnail wp-image-20062\" alt=\"\" srcset=\"https:\/\/diocese-lgf.ch\/wp-content\/uploads\/2022\/11\/RACLOZ-Michel-150x150.jpg 150w, https:\/\/diocese-lgf.ch\/wp-content\/uploads\/2022\/11\/RACLOZ-Michel-300x300.jpg 300w, https:\/\/diocese-lgf.ch\/wp-content\/uploads\/2022\/11\/RACLOZ-Michel.jpg 660w\" sizes=\"(max-width: 150px) 100vw, 150px\" \/><\/a><\/figure><div class=\"elementor-image-box-content\"><h4 class=\"elementor-image-box-title\"><a href=\"mailto:michel.racloz@cath-vd.ch\">Michel Racloz<\/a><\/h4><p class=\"elementor-image-box-description\">bisch\u00f6flicher Beauftragter f\u00fcr die Bistumsregion des Kantons Waadt <\/p><\/div><\/div>\t\t\t\t<\/div>\n\t\t\t\t<\/div>\n\t\t\t\t\t<\/div>\n\t\t<\/div>\n\t\t\t\t\t<\/div>\n\t\t<\/section>\n\t\t\t\t<section class=\"elementor-section elementor-top-section elementor-element elementor-element-67ada2b bloc-collaborateur elementor-section-boxed elementor-section-height-default elementor-section-height-default\" data-id=\"67ada2b\" data-element_type=\"section\" data-e-type=\"section\" data-settings=\"{&quot;background_background&quot;:&quot;classic&quot;}\">\n\t\t\t\t\t\t<div class=\"elementor-container elementor-column-gap-default\">\n\t\t\t\t\t<div class=\"elementor-column elementor-col-25 elementor-top-column elementor-element elementor-element-60bd58b\" data-id=\"60bd58b\" data-element_type=\"column\" data-e-type=\"column\">\n\t\t\t<div class=\"elementor-widget-wrap elementor-element-populated\">\n\t\t\t\t\t\t<div class=\"elementor-element elementor-element-b2823c6 elementor-position-top elementor-invisible elementor-widget elementor-widget-image-box\" data-id=\"b2823c6\" data-element_type=\"widget\" data-e-type=\"widget\" data-settings=\"{&quot;_animation&quot;:&quot;zoomIn&quot;}\" data-widget_type=\"image-box.default\">\n\t\t\t\t<div class=\"elementor-widget-container\">\n\t\t\t\t\t<div class=\"elementor-image-box-wrapper\"><figure class=\"elementor-image-box-img\"><a href=\"mailto:anneclaire.rivollet@cath-ge.ch\" tabindex=\"-1\"><img loading=\"lazy\" decoding=\"async\" width=\"150\" height=\"150\" src=\"https:\/\/diocese-lgf.ch\/wp-content\/uploads\/2022\/11\/A-C-Rivollet-portrait-150x150.jpg\" class=\"elementor-animation-grow attachment-thumbnail size-thumbnail wp-image-20068\" alt=\"\" \/><\/a><\/figure><div class=\"elementor-image-box-content\"><h4 class=\"elementor-image-box-title\"><a href=\"mailto:anneclaire.rivollet@cath-ge.ch\">Anne-Claire Rivollet<\/a><\/h4><p class=\"elementor-image-box-description\">bisch\u00f6fliche Beauftragte f\u00fcr die Paar- und Familienpastoral<\/p><\/div><\/div>\t\t\t\t<\/div>\n\t\t\t\t<\/div>\n\t\t\t\t\t<\/div>\n\t\t<\/div>\n\t\t\t\t<div class=\"elementor-column elementor-col-25 elementor-top-column elementor-element elementor-element-942d99f\" data-id=\"942d99f\" data-element_type=\"column\" data-e-type=\"column\">\n\t\t\t<div class=\"elementor-widget-wrap elementor-element-populated\">\n\t\t\t\t\t\t<div class=\"elementor-element elementor-element-77869c6 elementor-position-top elementor-invisible elementor-widget elementor-widget-image-box\" data-id=\"77869c6\" data-element_type=\"widget\" data-e-type=\"widget\" data-settings=\"{&quot;_animation&quot;:&quot;zoomIn&quot;}\" data-widget_type=\"image-box.default\">\n\t\t\t\t<div class=\"elementor-widget-container\">\n\t\t\t\t\t<div class=\"elementor-image-box-wrapper\"><figure class=\"elementor-image-box-img\"><a href=\"mailto:isabella.senghor@kath-fr.ch\" tabindex=\"-1\"><img loading=\"lazy\" decoding=\"async\" width=\"150\" height=\"150\" src=\"https:\/\/diocese-lgf.ch\/wp-content\/uploads\/2024\/03\/SenghorI-150x150.png\" class=\"elementor-animation-grow attachment-thumbnail size-thumbnail wp-image-25311\" alt=\"Isabella Senghor\" \/><\/a><\/figure><div class=\"elementor-image-box-content\"><h4 class=\"elementor-image-box-title\"><a href=\"mailto:isabella.senghor@kath-fr.ch\">Isabella Senghor<\/a><\/h4><p class=\"elementor-image-box-description\">Bisch\u00f6fliche Beauftragte f\u00fcr die Bistumsregion Deutschfreiburg<\/p><\/div><\/div>\t\t\t\t<\/div>\n\t\t\t\t<\/div>\n\t\t\t\t\t<\/div>\n\t\t<\/div>\n\t\t\t\t<div class=\"elementor-column elementor-col-25 elementor-top-column elementor-element elementor-element-1354c23\" data-id=\"1354c23\" data-element_type=\"column\" data-e-type=\"column\">\n\t\t\t<div class=\"elementor-widget-wrap\">\n\t\t\t\t\t\t\t<\/div>\n\t\t<\/div>\n\t\t\t\t<div class=\"elementor-column elementor-col-25 elementor-top-column elementor-element elementor-element-09f8927\" data-id=\"09f8927\" data-element_type=\"column\" data-e-type=\"column\">\n\t\t\t<div class=\"elementor-widget-wrap\">\n\t\t\t\t\t\t\t<\/div>\n\t\t<\/div>\n\t\t\t\t\t<\/div>\n\t\t<\/section>\n\t\t\t\t<\/div>\n\t\t<\/div>","protected":false},"excerpt":{"rendered":"<p>Mari Carmen Avila bisch\u00f6fliche Beauftragte f\u00fcr die Pr\u00e4vention Romuald Babey bisch\u00f6flicher Beauftragter f\u00fcr die Bistumsregion des Kantons Neuenburg Agn\u00e8s Barotte bisch\u00f6fliche Beauftragte f\u00fcr die sakrale Kunst Roberto De Col bisch\u00f6flicher [&hellip;]<\/p>\n","protected":false},"author":4,"featured_media":0,"parent":0,"menu_order":0,"comment_status":"closed","ping_status":"closed","template":"","meta":{"_acf_changed":false,"footnotes":""},"categories":[34],"tags":[],"class_list":["post-20013","page","type-page","status-publish","hentry","category-ccom"],"acf":[],"_links":{"self":[{"href":"https:\/\/diocese-lgf.ch\/de\/wp-json\/wp\/v2\/pages\/20013","targetHints":{"allow":["GET"]}}],"collection":[{"href":"https:\/\/diocese-lgf.ch\/de\/wp-json\/wp\/v2\/pages"}],"about":[{"href":"https:\/\/diocese-lgf.ch\/de\/wp-json\/wp\/v2\/types\/page"}],"author":[{"embeddable":true,"href":"https:\/\/diocese-lgf.ch\/de\/wp-json\/wp\/v2\/users\/4"}],"replies":[{"embeddable":true,"href":"https:\/\/diocese-lgf.ch\/de\/wp-json\/wp\/v2\/comments?post=20013"}],"version-history":[{"count":35,"href":"https:\/\/diocese-lgf.ch\/de\/wp-json\/wp\/v2\/pages\/20013\/revisions"}],"predecessor-version":[{"id":31569,"href":"https:\/\/diocese-lgf.ch\/de\/wp-json\/wp\/v2\/pages\/20013\/revisions\/31569"}],"wp:attachment":[{"href":"https:\/\/diocese-lgf.ch\/de\/wp-json\/wp\/v2\/media?parent=20013"}],"wp:term":[{"taxonomy":"category","embeddable":true,"href":"https:\/\/diocese-lgf.ch\/de\/wp-json\/wp\/v2\/categories?post=20013"},{"taxonomy":"post_tag","embeddable":true,"href":"https:\/\/diocese-lgf.ch\/de\/wp-json\/wp\/v2\/tags?post=20013"}],"curies":[{"name":"wp","href":"https:\/\/api.w.org\/{rel}","templated":true}]}}