{"id":18647,"date":"2022-06-09T11:34:06","date_gmt":"2022-06-09T09:34:06","guid":{"rendered":"https:\/\/diocese-lgf.emblematik.dev\/?page_id=18647"},"modified":"2023-06-23T14:56:54","modified_gmt":"2023-06-23T12:56:54","slug":"lgbt","status":"publish","type":"page","link":"https:\/\/diocese-lgf.ch\/de\/lgbt\/","title":{"rendered":"LGBT+"},"content":{"rendered":"<div class=\"pf-content\">\t\t<div data-elementor-type=\"wp-page\" data-elementor-id=\"18647\" class=\"elementor elementor-18647 elementor-7035\" data-elementor-post-type=\"page\">\n\t\t\t\t\t\t<section class=\"elementor-section elementor-top-section elementor-element elementor-element-2f2bad6 elementor-section-boxed elementor-section-height-default elementor-section-height-default\" data-id=\"2f2bad6\" data-element_type=\"section\" data-e-type=\"section\">\n\t\t\t\t\t\t<div class=\"elementor-container elementor-column-gap-default\">\n\t\t\t\t\t<div class=\"elementor-column elementor-col-100 elementor-top-column elementor-element elementor-element-5788847\" data-id=\"5788847\" data-element_type=\"column\" data-e-type=\"column\">\n\t\t\t<div class=\"elementor-widget-wrap elementor-element-populated\">\n\t\t\t\t\t\t<div class=\"elementor-element elementor-element-d987084 elementor-widget elementor-widget-text-editor\" data-id=\"d987084\" data-element_type=\"widget\" data-e-type=\"widget\" data-widget_type=\"text-editor.default\">\n\t\t\t\t<div class=\"elementor-widget-container\">\n\t\t\t\t\t\t\t\t\t<p style=\"font-weight: 400\">Die Frage nach der Aufnahme des anderen ist ein zentrales Anliegen der gesamten Kirche.<\/p><p style=\"font-weight: 400\">Es kommt direkt aus der Heiligen Schrift: \u00abDarum nehmt einander an, wie auch Christus uns angenommen hat, zur Ehre Gottes!\u00bb (R\u00f6mer 15,7). Der heilige Paulus kn\u00fcpft an die vielen unerwarteten Begegnungen Christi mit unter anderem den marginalisierten Menschen seiner Zeit an. Wir sind also im Zentrum des christlichen Glaubens, wo Christus Vorbild und Inspiration ist.<\/p><p style=\"font-weight: 400\">Wir m\u00fcssen herausfinden, was dies im heutigen gesellschaftlichen Kontext bedeutet, insbesondere f\u00fcr die Mitglieder der r\u00f6misch-katholischen Kirche, die LGBT+ sind.<\/p><p style=\"font-weight: 400\">Da unsere Aufgabe darin besteht, das <em>gesamte<\/em> Volk Gottes zu empfangen und zu begleiten, m\u00f6chten wir in diesem gleichen Impuls auf ein Bed\u00fcrfnis eingehen, das in den letzten Jahren immer h\u00e4ufiger zum Ausdruck kam: die Aufnahme von Mitgliedern der LGBT+-Gemeinschaft, indem wir ihnen einen Ort anbieten, an dem sie sich frei ausdr\u00fccken k\u00f6nnen.Die Kirche bietet Gruppen f\u00fcr Begegnung und Austausch, individuelles Zuh\u00f6ren, Begleitung und Freundschaft an.<\/p><p style=\"font-weight: 400\"><strong>Sind Sie interessiert? Dann nehmen Sie Kontakt mit uns auf.<\/strong><\/p>\t\t\t\t\t\t\t\t<\/div>\n\t\t\t\t<\/div>\n\t\t\t\t\t<\/div>\n\t\t<\/div>\n\t\t\t\t\t<\/div>\n\t\t<\/section>\n\t\t\t\t<section class=\"elementor-section elementor-top-section elementor-element elementor-element-b131d27 elementor-section-boxed elementor-section-height-default elementor-section-height-default\" data-id=\"b131d27\" data-element_type=\"section\" data-e-type=\"section\">\n\t\t\t\t\t\t<div class=\"elementor-container elementor-column-gap-default\">\n\t\t\t\t\t<div class=\"elementor-column elementor-col-100 elementor-top-column elementor-element elementor-element-fc2b8dc\" data-id=\"fc2b8dc\" data-element_type=\"column\" data-e-type=\"column\">\n\t\t\t<div class=\"elementor-widget-wrap elementor-element-populated\">\n\t\t\t\t\t\t<div class=\"elementor-element elementor-element-983e1aa elementor-view-default elementor-widget elementor-widget-icon\" data-id=\"983e1aa\" data-element_type=\"widget\" data-e-type=\"widget\" data-widget_type=\"icon.default\">\n\t\t\t\t<div class=\"elementor-widget-container\">\n\t\t\t\t\t\t\t<div class=\"elementor-icon-wrapper\">\n\t\t\t<div class=\"elementor-icon\">\n\t\t\t<i aria-hidden=\"true\" class=\"fas fa-star\"><\/i>\t\t\t<\/div>\n\t\t<\/div>\n\t\t\t\t\t\t<\/div>\n\t\t\t\t<\/div>\n\t\t\t\t\t<\/div>\n\t\t<\/div>\n\t\t\t\t\t<\/div>\n\t\t<\/section>\n\t\t\t\t<section class=\"elementor-section elementor-top-section elementor-element elementor-element-4f72589 elementor-section-boxed elementor-section-height-default elementor-section-height-default\" data-id=\"4f72589\" data-element_type=\"section\" data-e-type=\"section\">\n\t\t\t\t\t\t<div class=\"elementor-container elementor-column-gap-default\">\n\t\t\t\t\t<div class=\"elementor-column elementor-col-100 elementor-top-column elementor-element elementor-element-d4ba979\" data-id=\"d4ba979\" data-element_type=\"column\" data-e-type=\"column\">\n\t\t\t<div class=\"elementor-widget-wrap elementor-element-populated\">\n\t\t\t\t\t\t<div class=\"elementor-element elementor-element-ce75a90 elementor-widget elementor-widget-text-editor\" data-id=\"ce75a90\" data-element_type=\"widget\" data-e-type=\"widget\" data-widget_type=\"text-editor.default\">\n\t\t\t\t<div class=\"elementor-widget-container\">\n\t\t\t\t\t\t\t\t\t<p style=\"font-weight: 400\"><strong>Ihr Kind hat Ihnen seine sexuelle Orientierung anvertraut und Sie m\u00f6chten mit uns dar\u00fcber sprechen?<\/strong><\/p><p style=\"font-weight: 400\"><em>Valentin Rudaz\u00a0:<\/em> <a href=\"mailto:valentin.rudaz@kath-fr.ch\">valentin.rudaz@kath-fr.ch<\/a> \/ +41 79 479 31 48<\/p><p style=\"font-weight: 400\"><em>Alain Ulrich\u00a0:<\/em> <a href=\"mailto:alain.ulrich@cath-vd.ch\">alain.ulrich@cath-vd.ch<\/a> \/ +41 76 440 33 37<\/p>\t\t\t\t\t\t\t\t<\/div>\n\t\t\t\t<\/div>\n\t\t\t\t\t<\/div>\n\t\t<\/div>\n\t\t\t\t\t<\/div>\n\t\t<\/section>\n\t\t\t\t<section class=\"elementor-section elementor-top-section elementor-element elementor-element-a247b2e elementor-section-boxed elementor-section-height-default elementor-section-height-default\" data-id=\"a247b2e\" data-element_type=\"section\" data-e-type=\"section\">\n\t\t\t\t\t\t<div class=\"elementor-container elementor-column-gap-default\">\n\t\t\t\t\t<div class=\"elementor-column elementor-col-100 elementor-top-column elementor-element elementor-element-275428a\" data-id=\"275428a\" data-element_type=\"column\" data-e-type=\"column\">\n\t\t\t<div class=\"elementor-widget-wrap elementor-element-populated\">\n\t\t\t\t\t\t<div class=\"elementor-element elementor-element-1159445 elementor-view-default elementor-widget elementor-widget-icon\" data-id=\"1159445\" data-element_type=\"widget\" data-e-type=\"widget\" data-widget_type=\"icon.default\">\n\t\t\t\t<div class=\"elementor-widget-container\">\n\t\t\t\t\t\t\t<div class=\"elementor-icon-wrapper\">\n\t\t\t<div class=\"elementor-icon\">\n\t\t\t<i aria-hidden=\"true\" class=\"fas fa-star\"><\/i>\t\t\t<\/div>\n\t\t<\/div>\n\t\t\t\t\t\t<\/div>\n\t\t\t\t<\/div>\n\t\t\t\t\t<\/div>\n\t\t<\/div>\n\t\t\t\t\t<\/div>\n\t\t<\/section>\n\t\t\t\t<section class=\"elementor-section elementor-top-section elementor-element elementor-element-cf2fa90 elementor-section-boxed elementor-section-height-default elementor-section-height-default\" data-id=\"cf2fa90\" data-element_type=\"section\" data-e-type=\"section\">\n\t\t\t\t\t\t<div class=\"elementor-container elementor-column-gap-default\">\n\t\t\t\t\t<div class=\"elementor-column elementor-col-100 elementor-top-column elementor-element elementor-element-71bc1d7\" data-id=\"71bc1d7\" data-element_type=\"column\" data-e-type=\"column\">\n\t\t\t<div class=\"elementor-widget-wrap elementor-element-populated\">\n\t\t\t\t\t\t<div class=\"elementor-element elementor-element-3f34a16 elementor-widget elementor-widget-text-editor\" data-id=\"3f34a16\" data-element_type=\"widget\" data-e-type=\"widget\" data-widget_type=\"text-editor.default\">\n\t\t\t\t<div class=\"elementor-widget-container\">\n\t\t\t\t\t\t\t\t\t<p style=\"font-weight: 400\"><strong>Sie sind gl\u00e4ubig und LGBT+?<\/strong><\/p><p style=\"font-weight: 400\"><em>Valentin Rudaz\u00a0:<\/em> <a href=\"mailto:valentin.rudaz@kath-fr.ch\">valentin.rudaz@kath-fr.ch<\/a> \/ +41 79 479 31 48<\/p>\t\t\t\t\t\t\t\t<\/div>\n\t\t\t\t<\/div>\n\t\t\t\t\t<\/div>\n\t\t<\/div>\n\t\t\t\t\t<\/div>\n\t\t<\/section>\n\t\t\t\t<section class=\"elementor-section elementor-top-section elementor-element elementor-element-8d04bed elementor-section-boxed elementor-section-height-default elementor-section-height-default\" data-id=\"8d04bed\" data-element_type=\"section\" data-e-type=\"section\">\n\t\t\t\t\t\t<div class=\"elementor-container elementor-column-gap-default\">\n\t\t\t\t\t<div class=\"elementor-column elementor-col-100 elementor-top-column elementor-element elementor-element-f8d570e\" data-id=\"f8d570e\" data-element_type=\"column\" data-e-type=\"column\">\n\t\t\t<div class=\"elementor-widget-wrap elementor-element-populated\">\n\t\t\t\t\t\t<div class=\"elementor-element elementor-element-ffc0d80 elementor-view-default elementor-widget elementor-widget-icon\" data-id=\"ffc0d80\" data-element_type=\"widget\" data-e-type=\"widget\" data-widget_type=\"icon.default\">\n\t\t\t\t<div class=\"elementor-widget-container\">\n\t\t\t\t\t\t\t<div class=\"elementor-icon-wrapper\">\n\t\t\t<div class=\"elementor-icon\">\n\t\t\t<i aria-hidden=\"true\" class=\"fas fa-star\"><\/i>\t\t\t<\/div>\n\t\t<\/div>\n\t\t\t\t\t\t<\/div>\n\t\t\t\t<\/div>\n\t\t\t\t\t<\/div>\n\t\t<\/div>\n\t\t\t\t\t<\/div>\n\t\t<\/section>\n\t\t\t\t<section class=\"elementor-section elementor-top-section elementor-element elementor-element-400d737 elementor-section-boxed elementor-section-height-default elementor-section-height-default\" data-id=\"400d737\" data-element_type=\"section\" data-e-type=\"section\">\n\t\t\t\t\t\t<div class=\"elementor-container elementor-column-gap-default\">\n\t\t\t\t\t<div class=\"elementor-column elementor-col-100 elementor-top-column elementor-element elementor-element-0831b3f\" data-id=\"0831b3f\" data-element_type=\"column\" data-e-type=\"column\">\n\t\t\t<div class=\"elementor-widget-wrap elementor-element-populated\">\n\t\t\t\t\t\t<div class=\"elementor-element elementor-element-78c33a5 elementor-widget elementor-widget-text-editor\" data-id=\"78c33a5\" data-element_type=\"widget\" data-e-type=\"widget\" data-widget_type=\"text-editor.default\">\n\t\t\t\t<div class=\"elementor-widget-container\">\n\t\t\t\t\t\t\t\t\t<p style=\"font-weight: 400\"><strong>Sie sind Mitarbeiter\/in oder Mitglied eines Ordens der r\u00f6misch-katholischen Kirche und w\u00fcnschen sich eine vertrauliche Zeit des Zuh\u00f6rens und des Austauschs?<\/strong><\/p><p><em><span style=\"font-weight: 400\">Valentin Rudaz\u00a0<\/span><\/em><span style=\"font-weight: 400\"><em>:<\/em> <\/span><span style=\"font-weight: 400\"><a href=\"mailto:valentin.rudaz@kath-fr.ch\">valentin.rudaz@kath-fr.ch<\/a><\/span><span style=\"font-weight: 400\"> \/ +41 <\/span><span style=\"font-weight: 400\">79 479 31 48<\/span><\/p>\t\t\t\t\t\t\t\t<\/div>\n\t\t\t\t<\/div>\n\t\t\t\t\t<\/div>\n\t\t<\/div>\n\t\t\t\t\t<\/div>\n\t\t<\/section>\n\t\t\t\t<section class=\"elementor-section elementor-top-section elementor-element elementor-element-d417fb4 elementor-section-boxed elementor-section-height-default elementor-section-height-default\" data-id=\"d417fb4\" data-element_type=\"section\" data-e-type=\"section\">\n\t\t\t\t\t\t<div class=\"elementor-container elementor-column-gap-default\">\n\t\t\t\t\t<div class=\"elementor-column elementor-col-100 elementor-top-column elementor-element elementor-element-9ac1ef4\" data-id=\"9ac1ef4\" data-element_type=\"column\" data-e-type=\"column\">\n\t\t\t<div class=\"elementor-widget-wrap elementor-element-populated\">\n\t\t\t\t\t\t<div class=\"elementor-element elementor-element-a196c24 elementor-view-default elementor-widget elementor-widget-icon\" data-id=\"a196c24\" data-element_type=\"widget\" data-e-type=\"widget\" data-widget_type=\"icon.default\">\n\t\t\t\t<div class=\"elementor-widget-container\">\n\t\t\t\t\t\t\t<div class=\"elementor-icon-wrapper\">\n\t\t\t<div class=\"elementor-icon\">\n\t\t\t<i aria-hidden=\"true\" class=\"fas fa-star\"><\/i>\t\t\t<\/div>\n\t\t<\/div>\n\t\t\t\t\t\t<\/div>\n\t\t\t\t<\/div>\n\t\t\t\t\t<\/div>\n\t\t<\/div>\n\t\t\t\t\t<\/div>\n\t\t<\/section>\n\t\t\t\t<section class=\"elementor-section elementor-top-section elementor-element elementor-element-854bfff elementor-section-boxed elementor-section-height-default elementor-section-height-default\" data-id=\"854bfff\" data-element_type=\"section\" data-e-type=\"section\">\n\t\t\t\t\t\t<div class=\"elementor-container elementor-column-gap-default\">\n\t\t\t\t\t<div class=\"elementor-column elementor-col-100 elementor-top-column elementor-element elementor-element-d7f6ab1\" data-id=\"d7f6ab1\" data-element_type=\"column\" data-e-type=\"column\">\n\t\t\t<div class=\"elementor-widget-wrap elementor-element-populated\">\n\t\t\t\t\t\t<div class=\"elementor-element elementor-element-4383bb6 elementor-widget elementor-widget-text-editor\" data-id=\"4383bb6\" data-element_type=\"widget\" data-e-type=\"widget\" data-widget_type=\"text-editor.default\">\n\t\t\t\t<div class=\"elementor-widget-container\">\n\t\t\t\t\t\t\t\t\t<p style=\"font-weight: 400\"><strong>M\u00f6chten Sie mehr \u00fcber die Aufnahme von LGBT+ Personen in der r\u00f6misch-katholischen Kirche erfahren?<\/strong><\/p><p style=\"font-weight: 400\"><em>Valentin Rudaz\u00a0:<\/em> <a href=\"mailto:valentin.rudaz@kath-fr.ch\">valentin.rudaz@kath-fr.ch<\/a> \/ +41 79 479 31 48<\/p>\t\t\t\t\t\t\t\t<\/div>\n\t\t\t\t<\/div>\n\t\t\t\t\t<\/div>\n\t\t<\/div>\n\t\t\t\t\t<\/div>\n\t\t<\/section>\n\t\t\t\t<section class=\"elementor-section elementor-top-section elementor-element elementor-element-782deb1 elementor-section-boxed elementor-section-height-default elementor-section-height-default\" data-id=\"782deb1\" data-element_type=\"section\" data-e-type=\"section\">\n\t\t\t\t\t\t<div class=\"elementor-container elementor-column-gap-default\">\n\t\t\t\t\t<div class=\"elementor-column elementor-col-100 elementor-top-column elementor-element elementor-element-b708940\" data-id=\"b708940\" data-element_type=\"column\" data-e-type=\"column\">\n\t\t\t<div class=\"elementor-widget-wrap elementor-element-populated\">\n\t\t\t\t\t\t<div class=\"elementor-element elementor-element-3e87cac elementor-widget elementor-widget-heading\" data-id=\"3e87cac\" data-element_type=\"widget\" data-e-type=\"widget\" data-widget_type=\"heading.default\">\n\t\t\t\t<div class=\"elementor-widget-container\">\n\t\t\t\t\t<h4 class=\"elementor-heading-title elementor-size-default\"><a href=\"http:\/\/Contact\">En lien<\/a><\/h4>\t\t\t\t<\/div>\n\t\t\t\t<\/div>\n\t\t\t\t\t<\/div>\n\t\t<\/div>\n\t\t\t\t\t<\/div>\n\t\t<\/section>\n\t\t\t\t<section class=\"elementor-section elementor-top-section elementor-element elementor-element-00b0818 elementor-section-boxed elementor-section-height-default elementor-section-height-default\" data-id=\"00b0818\" data-element_type=\"section\" data-e-type=\"section\">\n\t\t\t\t\t\t<div class=\"elementor-container elementor-column-gap-default\">\n\t\t\t\t\t<div class=\"elementor-column elementor-col-100 elementor-top-column elementor-element elementor-element-4412b66\" data-id=\"4412b66\" data-element_type=\"column\" data-e-type=\"column\">\n\t\t\t<div class=\"elementor-widget-wrap elementor-element-populated\">\n\t\t\t\t\t\t<div class=\"elementor-element elementor-element-fc47198 elementor-icon-list--layout-traditional elementor-list-item-link-full_width elementor-widget elementor-widget-icon-list\" data-id=\"fc47198\" data-element_type=\"widget\" data-e-type=\"widget\" data-widget_type=\"icon-list.default\">\n\t\t\t\t<div class=\"elementor-widget-container\">\n\t\t\t\t\t\t\t<ul class=\"elementor-icon-list-items\">\n\t\t\t\t\t\t\t<li class=\"elementor-icon-list-item\">\n\t\t\t\t\t\t\t\t\t\t\t<a href=\"https:\/\/geneve.pastorale-familiale.ch\/homosexualite\/\" target=\"_blank\">\n\n\t\t\t\t\t\t\t\t\t\t\t\t<span class=\"elementor-icon-list-icon\">\n\t\t\t\t\t\t\t<i aria-hidden=\"true\" class=\"fas fa-arrow-circle-right\"><\/i>\t\t\t\t\t\t<\/span>\n\t\t\t\t\t\t\t\t\t\t<span class=\"elementor-icon-list-text\">GE: pastorale familiale<\/span>\n\t\t\t\t\t\t\t\t\t\t\t<\/a>\n\t\t\t\t\t\t\t\t\t<\/li>\n\t\t\t\t\t\t<\/ul>\n\t\t\t\t\t\t<\/div>\n\t\t\t\t<\/div>\n\t\t\t\t\t<\/div>\n\t\t<\/div>\n\t\t\t\t\t<\/div>\n\t\t<\/section>\n\t\t\t\t<\/div>\n\t\t<\/div>","protected":false},"excerpt":{"rendered":"<p>Die Frage nach der Aufnahme des anderen ist ein zentrales Anliegen der gesamten Kirche. Es kommt direkt aus der Heiligen Schrift: \u00abDarum nehmt einander an, wie auch Christus uns angenommen [&hellip;]<\/p>\n","protected":false},"author":4,"featured_media":0,"parent":0,"menu_order":0,"comment_status":"closed","ping_status":"closed","template":"","meta":{"_acf_changed":false,"footnotes":""},"categories":[70],"tags":[],"class_list":["post-18647","page","type-page","status-publish","hentry","category-vie-eglise-de"],"acf":[],"_links":{"self":[{"href":"https:\/\/diocese-lgf.ch\/de\/wp-json\/wp\/v2\/pages\/18647","targetHints":{"allow":["GET"]}}],"collection":[{"href":"https:\/\/diocese-lgf.ch\/de\/wp-json\/wp\/v2\/pages"}],"about":[{"href":"https:\/\/diocese-lgf.ch\/de\/wp-json\/wp\/v2\/types\/page"}],"author":[{"embeddable":true,"href":"https:\/\/diocese-lgf.ch\/de\/wp-json\/wp\/v2\/users\/4"}],"replies":[{"embeddable":true,"href":"https:\/\/diocese-lgf.ch\/de\/wp-json\/wp\/v2\/comments?post=18647"}],"version-history":[{"count":13,"href":"https:\/\/diocese-lgf.ch\/de\/wp-json\/wp\/v2\/pages\/18647\/revisions"}],"predecessor-version":[{"id":22134,"href":"https:\/\/diocese-lgf.ch\/de\/wp-json\/wp\/v2\/pages\/18647\/revisions\/22134"}],"wp:attachment":[{"href":"https:\/\/diocese-lgf.ch\/de\/wp-json\/wp\/v2\/media?parent=18647"}],"wp:term":[{"taxonomy":"category","embeddable":true,"href":"https:\/\/diocese-lgf.ch\/de\/wp-json\/wp\/v2\/categories?post=18647"},{"taxonomy":"post_tag","embeddable":true,"href":"https:\/\/diocese-lgf.ch\/de\/wp-json\/wp\/v2\/tags?post=18647"}],"curies":[{"name":"wp","href":"https:\/\/api.w.org\/{rel}","templated":true}]}}